{"id":2644,"date":"2024-07-12T14:24:34","date_gmt":"2024-07-12T12:24:34","guid":{"rendered":"https:\/\/dev.itconcepts.berta-bewegt.ch\/careers\/"},"modified":"2025-03-10T09:53:00","modified_gmt":"2025-03-10T08:53:00","slug":"careers","status":"publish","type":"page","link":"https:\/\/itconcepts.ch\/fr\/careers\/","title":{"rendered":"Careers"},"content":{"rendered":"\n    <section class=\"page-block-block block-with-top-bottom-margins\" id=\"\">\n        <div class=\"cols-block  \">\n            <div class=\"col-l\">\n                <div class=\"title-block title-block-untertitel-desk\">\n                        <p class=\"subtitle\">NOUS TE RECHERCHONS<\/p>\n\n\n    <div class=\"text-block-simple\"><p>Fa\u00e7onne l&rsquo;avenir de l&rsquo;informatique avec nous : des d\u00e9fis passionnants, des projets innovants et une \u00e9quipe coll\u00e9giale t&rsquo;attendent !<\/p>\n<\/div>\n                <\/div>\n\n                                    <div class=\"links-wrapper\">\n                                                                                    <a href=\"http:\/\/itconcepts.ch\/careers\/#offene_stellen\" class=\"primary-button-border \"  data-source=\"\" data-sourcetitle=\"\">Offene Stellen<\/a>\n                                                                        <\/div>\n                            <\/div>\n\n            <div class=\"col-r\">\n                <div class=\"title-block title-block-untertitel-mob\">\n                        <p class=\"subtitle\">NOUS TE RECHERCHONS<\/p>\n\n\n                <\/div>\n\n                                    <img decoding=\"async\" src=\"https:\/\/itconcepts.ch\/wp-content\/uploads\/2024\/07\/Bild-Startseite-783x800.png\" class=\"\" alt=\"\" \/>\n                            <\/div>\n        <\/div>\n    <\/section>\n\n\n\n\n    <section class=\"text-cards-4-cols-block with-grey-bg\" id=\"\">\n        \n        <div class=\"title-block title-block-narrow\">\n                <p class=\"subtitle\">Ce que ton travail t&rsquo;offre<\/p>\n\n\n    <div class=\"text-block-simple\"><p>Tu es le \u00abconseiller de confiance\u00bb de nos clients renomm\u00e9s de Suisse al\u00e9manique pour tout ce qui concerne le projet et tu les aides \u00e0 le mener \u00e0 bien: de l&rsquo;avant-vente \u00e0 la conception, en passant par la mise en \u0153uvre et l&rsquo;exploitation. Gr\u00e2ce \u00e0 ton esprit de conseil et \u00e0 ta personnalit\u00e9 communicative, il t&rsquo;est facile de conseiller, d&rsquo;enthousiasmer et de convaincre les nouveaux clients comme les clients existants.<\/p>\n<p>Ce que ITConcepts t&rsquo;offre <\/p>\n<\/div>\n        <\/div>\n\n                    <div class=\"text-cards-cols \">\n                                    <div class=\"text-card\">\n                        <div class=\"text-card-inner-container text-card-inner-container-grey\">\n                            \n                            \n                                                            <p class=\"small mb_0 text-center\">Culture d&rsquo;entreprise familiale et bas\u00e9e sur la confiance\r\n<\/p>\n                            \n                                                    <\/div>\n                    <\/div>\n                                    <div class=\"text-card\">\n                        <div class=\"text-card-inner-container text-card-inner-container-grey\">\n                            \n                            \n                                                            <p class=\"small mb_0 text-center\">Une hi\u00e9rarchie horizontale avec des processus d\u00e9cisionnels pragmatiques\r\n<\/p>\n                            \n                                                    <\/div>\n                    <\/div>\n                                    <div class=\"text-card\">\n                        <div class=\"text-card-inner-container text-card-inner-container-grey\">\n                            \n                            \n                                                            <p class=\"small mb_0 text-center\">Une \u00e9quipe cool, diversifi\u00e9e et motiv\u00e9e qui rit beaucoup\r\n<\/p>\n                            \n                                                    <\/div>\n                    <\/div>\n                                    <div class=\"text-card\">\n                        <div class=\"text-card-inner-container text-card-inner-container-grey\">\n                            \n                            \n                                                            <p class=\"small mb_0 text-center\">Une grande libert\u00e9 pour laisser libre cours \u00e0 ses id\u00e9es et \u00e0 sa cr\u00e9ativit\u00e9\r\n<\/p>\n                            \n                                                    <\/div>\n                    <\/div>\n                                    <div class=\"text-card\">\n                        <div class=\"text-card-inner-container text-card-inner-container-grey\">\n                            \n                            \n                                                            <p class=\"small mb_0 text-center\">Soutien pour le d\u00e9veloppement professionnel personnel\r\n<\/p>\n                            \n                                                    <\/div>\n                    <\/div>\n                                    <div class=\"text-card\">\n                        <div class=\"text-card-inner-container text-card-inner-container-grey\">\n                            \n                            \n                                                            <p class=\"small mb_0 text-center\">T\u00e9l\u00e9travail et horaires de travail flexibles (selon les commandes des clients)\r\n<\/p>\n                            \n                                                    <\/div>\n                    <\/div>\n                                    <div class=\"text-card\">\n                        <div class=\"text-card-inner-container text-card-inner-container-grey\">\n                            \n                            \n                                                            <p class=\"small mb_0 text-center\">Des conditions d&#8217;embauche int\u00e9ressantes ainsi qu&rsquo;un salaire valorisant incluant une participation aux b\u00e9n\u00e9fices, des frais et des primes\r\n<\/p>\n                            \n                                                    <\/div>\n                    <\/div>\n                                    <div class=\"text-card\">\n                        <div class=\"text-card-inner-container text-card-inner-container-grey\">\n                            \n                            \n                                                            <p class=\"small mb_0 text-center\">Des \u00e9v\u00e9nements d&rsquo;\u00e9quipe l\u00e9gendaires ainsi que des tournois de baby-foot\r\n<\/p>\n                            \n                                                    <\/div>\n                    <\/div>\n                            <\/div>\n\n            <div class=\"text-cards-slider \">\n                                    <div class=\"text-card\">\n                        <div class=\"text-card-inner-container text-card-inner-container-grey\">\n                            \n                            \n                                                            <p class=\"small mb_0 text-center\">Culture d&rsquo;entreprise familiale et bas\u00e9e sur la confiance\r\n<\/p>\n                            \n                                                    <\/div>\n                    <\/div>\n                                    <div class=\"text-card\">\n                        <div class=\"text-card-inner-container text-card-inner-container-grey\">\n                            \n                            \n                                                            <p class=\"small mb_0 text-center\">Une hi\u00e9rarchie horizontale avec des processus d\u00e9cisionnels pragmatiques\r\n<\/p>\n                            \n                                                    <\/div>\n                    <\/div>\n                                    <div class=\"text-card\">\n                        <div class=\"text-card-inner-container text-card-inner-container-grey\">\n                            \n                            \n                                                            <p class=\"small mb_0 text-center\">Une \u00e9quipe cool, diversifi\u00e9e et motiv\u00e9e qui rit beaucoup\r\n<\/p>\n                            \n                                                    <\/div>\n                    <\/div>\n                                    <div class=\"text-card\">\n                        <div class=\"text-card-inner-container text-card-inner-container-grey\">\n                            \n                            \n                                                            <p class=\"small mb_0 text-center\">Une grande libert\u00e9 pour laisser libre cours \u00e0 ses id\u00e9es et \u00e0 sa cr\u00e9ativit\u00e9\r\n<\/p>\n                            \n                                                    <\/div>\n                    <\/div>\n                                    <div class=\"text-card\">\n                        <div class=\"text-card-inner-container text-card-inner-container-grey\">\n                            \n                            \n                                                            <p class=\"small mb_0 text-center\">Soutien pour le d\u00e9veloppement professionnel personnel\r\n<\/p>\n                            \n                                                    <\/div>\n                    <\/div>\n                                    <div class=\"text-card\">\n                        <div class=\"text-card-inner-container text-card-inner-container-grey\">\n                            \n                            \n                                                            <p class=\"small mb_0 text-center\">T\u00e9l\u00e9travail et horaires de travail flexibles (selon les commandes des clients)\r\n<\/p>\n                            \n                                                    <\/div>\n                    <\/div>\n                                    <div class=\"text-card\">\n                        <div class=\"text-card-inner-container text-card-inner-container-grey\">\n                            \n                            \n                                                            <p class=\"small mb_0 text-center\">Des conditions d&#8217;embauche int\u00e9ressantes ainsi qu&rsquo;un salaire valorisant incluant une participation aux b\u00e9n\u00e9fices, des frais et des primes\r\n<\/p>\n                            \n                                                    <\/div>\n                    <\/div>\n                                    <div class=\"text-card\">\n                        <div class=\"text-card-inner-container text-card-inner-container-grey\">\n                            \n                            \n                                                            <p class=\"small mb_0 text-center\">Des \u00e9v\u00e9nements d&rsquo;\u00e9quipe l\u00e9gendaires ainsi que des tournois de baby-foot\r\n<\/p>\n                            \n                                                    <\/div>\n                    <\/div>\n                            <\/div>\n            <\/section>\n\n\n\n\n\n<h2 class=\"wp-block-heading\">Ce que ITConcepts t&rsquo;offre<\/h2>\n\n\n\n<ul class=\"wp-block-list\">\n<li>Culture d&rsquo;entreprise familiale et bas\u00e9e sur la confiance<\/li>\n\n\n\n<li>plate avec des processus d\u00e9cisionnels pragmatiques<\/li>\n\n\n\n<li>sympa, diversifi\u00e9e et dynamique o\u00f9 l&rsquo;on rit beaucoup<\/li>\n\n\n\n<li>Grande libert\u00e9 pour les id\u00e9es personnelles et la cr\u00e9ativit\u00e9<\/li>\n\n\n\n<li>Soutien pour le d\u00e9veloppement professionnel personnel<\/li>\n\n\n\n<li>et horaires de travail flexibles (selon les commandes des clients)<\/li>\n\n\n\n<li>int\u00e9ressantes et salaire valorisant, y compris participation aux b\u00e9n\u00e9fices, frais et primes<\/li>\n\n\n\n<li>\u00c9v\u00e9nements d&rsquo;\u00e9quipe l\u00e9gendaires et tournois de baby-foot<\/li>\n\n\n\n<li>Des \u00e9v\u00e9nements d&rsquo;\u00e9quipe l\u00e9gendaires ainsi que des tournois de baby-foot<\/li>\n<\/ul>\n\n\n\n    <section class=\"jobs-overview-block block-with-top-bottom-margins\" id=\" postes_vacants\">\n        <div class=\"title-block title-block-narrow\">\n                <p class=\"subtitle\"> Nous te cherchons<\/p>\n\n    <h2 class=\"like-h1\"> Postes \u00e0 pourvoir<\/h2>\n\n        <\/div>\n\n                    <div class=\"main-title-divider\"><\/div>\n        \n        \n                    <div class=\"custom-part-narrow text-center\">\n                <p>Malheureusement, nous n&rsquo;avons pas de postes \u00e0 pourvoir pour le moment.<\/p>\n            <\/div>\n            <\/section>\n\n\n\n\n    <section class=\"jobs-overview-block block-with-top-bottom-margins\" id=\" postes_vacants\">\n        <div class=\"title-block title-block-narrow\">\n                <p class=\"subtitle\"> Nous te cherchons<\/p>\n\n    <h2 class=\"like-h1\"> Postes \u00e0 pourvoir en Suisse romande<\/h2>\n\n        <\/div>\n\n                    <div class=\"main-title-divider\"><\/div>\n        \n        \n                    <div class=\"custom-part-narrow text-center\">\n                <p>Malheureusement, nous n&rsquo;avons pas de postes \u00e0 pourvoir pour le moment.<\/p>\n            <\/div>\n            <\/section>\n\n\n\n\n            <section class=\"person-kontakt-block block-with-grey-bg\" id=\"\">\n            <div class=\"person-kontakt-cols\">\n                <div class=\"person-kontakt-left-part\">\n                    <div class=\"person-kontakt-left-part-inner-container\">\n                                                    <h2 class=\"like-h1\"> Rien qui ne te convienne, mais tu penses quand m\u00eame que nous devrions faire connaissance ?<\/h2>\n                        \n                                                    <p> Tu as une formation technique et de l&rsquo;exp\u00e9rience dans la gestion des services et\/ou avec les produits BMC ? Que tu sois en reconversion, junior ou v\u00e9t\u00e9ran, n&rsquo;h\u00e9site pas \u00e0 nous envoyer ton CV et nous te contacterons.<\/p>\n                        \n                                                    <div class=\"person-kontakt-email-wrapper\">\n                                <a href=\"mailto: jobs@itconcepts.ch\" class=\"primary-button-bg btn-medium\"> Postuler maintenant<\/a>\n                            <\/div>\n                                            <\/div>\n                <\/div>\n\n                <div class=\"person-kontakt-right-part\">\n                    <div class=\"person-kontakt-right-part-inner-container\">\n                                                    <img decoding=\"async\" src=\"https:\/\/itconcepts.ch\/wp-content\/uploads\/2025\/02\/senior_consultant-800x800.jpg\" \/>\n                        \n                                                    <h3 class=\"small text-red text-bold mb_0\">Claudio Manig<\/h3>\n                        \n                                                    <p class=\" mb_0\">Senior Consultant \/ Recruiting<\/p>\n                                            <\/div>\n                <\/div>\n            <\/div>\n        <\/section>\n    \n\n\n\n            <section class=\"logos-slider-block  block-with-top-bottom-margins\" id=\"\">\n            <div class=\"title-block text-center\">\n                \n\n            <\/div>\n\n            <div class=\"logos-slider\">\n                                    <div class=\"logos-slide\">\n                        <div class=\"logos-slide-inner-container\">\n                                                            <div class=\"logo\" style=\"background-image: url('https:\/\/itconcepts.ch\/wp-content\/uploads\/2024\/07\/kunde_03.png')\"><\/div>\n                                                    <\/div>\n                    <\/div>\n                                    <div class=\"logos-slide\">\n                        <div class=\"logos-slide-inner-container\">\n                                                            <div class=\"logo\" style=\"background-image: url('https:\/\/itconcepts.ch\/wp-content\/uploads\/2025\/03\/Helsana-logo-transparent.png')\"><\/div>\n                                                    <\/div>\n                    <\/div>\n                                    <div class=\"logos-slide\">\n                        <div class=\"logos-slide-inner-container\">\n                                                            <div class=\"logo\" style=\"background-image: url('https:\/\/itconcepts.ch\/wp-content\/uploads\/2025\/03\/SIX-Group-transparent.png')\"><\/div>\n                                                    <\/div>\n                    <\/div>\n                                    <div class=\"logos-slide\">\n                        <div class=\"logos-slide-inner-container\">\n                                                            <div class=\"logo\" style=\"background-image: url('https:\/\/itconcepts.ch\/wp-content\/uploads\/2025\/03\/zfv_logo_de_100mm_sw_ohne-gastronomiegruppe.png')\"><\/div>\n                                                    <\/div>\n                    <\/div>\n                                    <div class=\"logos-slide\">\n                        <div class=\"logos-slide-inner-container\">\n                                                            <div class=\"logo\" style=\"background-image: url('https:\/\/itconcepts.ch\/wp-content\/uploads\/2025\/03\/download-4-325x108-1.png')\"><\/div>\n                                                    <\/div>\n                    <\/div>\n                                    <div class=\"logos-slide\">\n                        <div class=\"logos-slide-inner-container\">\n                                                            <div class=\"logo\" style=\"background-image: url('https:\/\/itconcepts.ch\/wp-content\/uploads\/2025\/03\/g_g_las-logo-homepage2.png')\"><\/div>\n                                                    <\/div>\n                    <\/div>\n                                    <div class=\"logos-slide\">\n                        <div class=\"logos-slide-inner-container\">\n                                                            <div class=\"logo\" style=\"background-image: url('https:\/\/itconcepts.ch\/wp-content\/uploads\/2025\/03\/WWZ-Logo-2020_Emobilzug_blau.png')\"><\/div>\n                                                    <\/div>\n                    <\/div>\n                                    <div class=\"logos-slide\">\n                        <div class=\"logos-slide-inner-container\">\n                                                            <div class=\"logo\" style=\"background-image: url('https:\/\/itconcepts.ch\/wp-content\/uploads\/2025\/03\/Copy-of-logo1-scaled.jpg')\"><\/div>\n                                                    <\/div>\n                    <\/div>\n                                    <div class=\"logos-slide\">\n                        <div class=\"logos-slide-inner-container\">\n                                                            <div class=\"logo\" style=\"background-image: url('https:\/\/itconcepts.ch\/wp-content\/uploads\/2025\/03\/MeteoSwiss_color_logo.png')\"><\/div>\n                                                    <\/div>\n                    <\/div>\n                            <\/div>\n        <\/section>\n    \n\n","protected":false},"excerpt":{"rendered":"<p>Ce que ITConcepts t&rsquo;offre<\/p>\n","protected":false},"author":11,"featured_media":2820,"parent":0,"menu_order":8,"comment_status":"closed","ping_status":"closed","template":"","meta":{"_acf_changed":false,"inline_featured_image":false,"footnotes":""},"class_list":["post-2644","page","type-page","status-publish","has-post-thumbnail","hentry"],"acf":[],"yoast_head":"<!-- This site is optimized with the Yoast SEO Premium plugin v27.0 (Yoast SEO v27.0) - https:\/\/yoast.com\/product\/yoast-seo-premium-wordpress\/ -->\n<title>Careers - IT Concepts<\/title>\n<meta name=\"robots\" content=\"index, follow, max-snippet:-1, max-image-preview:large, max-video-preview:-1\" \/>\n<link rel=\"canonical\" href=\"https:\/\/itconcepts.ch\/fr\/careers\/\" \/>\n<meta property=\"og:locale\" content=\"fr_FR\" \/>\n<meta property=\"og:type\" content=\"article\" \/>\n<meta property=\"og:title\" content=\"Careers\" \/>\n<meta property=\"og:description\" content=\"Ce que ITConcepts t&rsquo;offre\" \/>\n<meta property=\"og:url\" content=\"https:\/\/itconcepts.ch\/fr\/careers\/\" \/>\n<meta property=\"og:site_name\" content=\"IT Concepts\" \/>\n<meta property=\"article:modified_time\" content=\"2025-03-10T08:53:00+00:00\" \/>\n<meta property=\"og:image\" content=\"https:\/\/itconcepts.ch\/wp-content\/uploads\/2025\/03\/Header-Careers.jpg\" \/>\n\t<meta property=\"og:image:width\" content=\"1920\" \/>\n\t<meta property=\"og:image:height\" content=\"1080\" \/>\n\t<meta property=\"og:image:type\" content=\"image\/jpeg\" \/>\n<meta name=\"twitter:card\" content=\"summary_large_image\" \/>\n<meta name=\"twitter:label1\" content=\"Est. reading time\" \/>\n\t<meta name=\"twitter:data1\" content=\"1 minute\" \/>\n<script type=\"application\/ld+json\" class=\"yoast-schema-graph\">{\"@context\":\"https:\/\/schema.org\",\"@graph\":[{\"@type\":\"WebPage\",\"@id\":\"https:\/\/itconcepts.ch\/fr\/careers\/\",\"url\":\"https:\/\/itconcepts.ch\/fr\/careers\/\",\"name\":\"Careers - IT Concepts\",\"isPartOf\":{\"@id\":\"https:\/\/itconcepts.ch\/#website\"},\"primaryImageOfPage\":{\"@id\":\"https:\/\/itconcepts.ch\/fr\/careers\/#primaryimage\"},\"image\":{\"@id\":\"https:\/\/itconcepts.ch\/fr\/careers\/#primaryimage\"},\"thumbnailUrl\":\"https:\/\/itconcepts.ch\/wp-content\/uploads\/2025\/03\/Header-Careers.jpg\",\"datePublished\":\"2024-07-12T12:24:34+00:00\",\"dateModified\":\"2025-03-10T08:53:00+00:00\",\"breadcrumb\":{\"@id\":\"https:\/\/itconcepts.ch\/fr\/careers\/#breadcrumb\"},\"inLanguage\":\"fr-FR\",\"potentialAction\":[{\"@type\":\"ReadAction\",\"target\":[\"https:\/\/itconcepts.ch\/fr\/careers\/\"]}]},{\"@type\":\"ImageObject\",\"inLanguage\":\"fr-FR\",\"@id\":\"https:\/\/itconcepts.ch\/fr\/careers\/#primaryimage\",\"url\":\"https:\/\/itconcepts.ch\/wp-content\/uploads\/2025\/03\/Header-Careers.jpg\",\"contentUrl\":\"https:\/\/itconcepts.ch\/wp-content\/uploads\/2025\/03\/Header-Careers.jpg\",\"width\":1920,\"height\":1080},{\"@type\":\"BreadcrumbList\",\"@id\":\"https:\/\/itconcepts.ch\/fr\/careers\/#breadcrumb\",\"itemListElement\":[{\"@type\":\"ListItem\",\"position\":1,\"name\":\"Home\",\"item\":\"https:\/\/itconcepts.ch\/fr\/\"},{\"@type\":\"ListItem\",\"position\":2,\"name\":\"Careers\"}]},{\"@type\":\"WebSite\",\"@id\":\"https:\/\/itconcepts.ch\/#website\",\"url\":\"https:\/\/itconcepts.ch\/\",\"name\":\"IT Concepts\",\"description\":\"\",\"potentialAction\":[{\"@type\":\"SearchAction\",\"target\":{\"@type\":\"EntryPoint\",\"urlTemplate\":\"https:\/\/itconcepts.ch\/?s={search_term_string}\"},\"query-input\":{\"@type\":\"PropertyValueSpecification\",\"valueRequired\":true,\"valueName\":\"search_term_string\"}}],\"inLanguage\":\"fr-FR\"},{\"@type\":\"ImageObject\",\"inLanguage\":\"fr-FR\",\"@id\":\"https:\/\/itconcepts.ch\/fr\/careers\/#local-main-organization-logo\",\"url\":\"\",\"contentUrl\":\"\",\"caption\":\"IT Concepts\"}]}<\/script>\n<!-- \/ Yoast SEO Premium plugin. -->","yoast_head_json":{"title":"Careers - IT Concepts","robots":{"index":"index","follow":"follow","max-snippet":"max-snippet:-1","max-image-preview":"max-image-preview:large","max-video-preview":"max-video-preview:-1"},"canonical":"https:\/\/itconcepts.ch\/fr\/careers\/","og_locale":"fr_FR","og_type":"article","og_title":"Careers","og_description":"Ce que ITConcepts t&rsquo;offre","og_url":"https:\/\/itconcepts.ch\/fr\/careers\/","og_site_name":"IT Concepts","article_modified_time":"2025-03-10T08:53:00+00:00","og_image":[{"width":1920,"height":1080,"url":"https:\/\/itconcepts.ch\/wp-content\/uploads\/2025\/03\/Header-Careers.jpg","type":"image\/jpeg"}],"twitter_card":"summary_large_image","twitter_misc":{"Est. reading time":"1 minute"},"schema":{"@context":"https:\/\/schema.org","@graph":[{"@type":"WebPage","@id":"https:\/\/itconcepts.ch\/fr\/careers\/","url":"https:\/\/itconcepts.ch\/fr\/careers\/","name":"Careers - IT Concepts","isPartOf":{"@id":"https:\/\/itconcepts.ch\/#website"},"primaryImageOfPage":{"@id":"https:\/\/itconcepts.ch\/fr\/careers\/#primaryimage"},"image":{"@id":"https:\/\/itconcepts.ch\/fr\/careers\/#primaryimage"},"thumbnailUrl":"https:\/\/itconcepts.ch\/wp-content\/uploads\/2025\/03\/Header-Careers.jpg","datePublished":"2024-07-12T12:24:34+00:00","dateModified":"2025-03-10T08:53:00+00:00","breadcrumb":{"@id":"https:\/\/itconcepts.ch\/fr\/careers\/#breadcrumb"},"inLanguage":"fr-FR","potentialAction":[{"@type":"ReadAction","target":["https:\/\/itconcepts.ch\/fr\/careers\/"]}]},{"@type":"ImageObject","inLanguage":"fr-FR","@id":"https:\/\/itconcepts.ch\/fr\/careers\/#primaryimage","url":"https:\/\/itconcepts.ch\/wp-content\/uploads\/2025\/03\/Header-Careers.jpg","contentUrl":"https:\/\/itconcepts.ch\/wp-content\/uploads\/2025\/03\/Header-Careers.jpg","width":1920,"height":1080},{"@type":"BreadcrumbList","@id":"https:\/\/itconcepts.ch\/fr\/careers\/#breadcrumb","itemListElement":[{"@type":"ListItem","position":1,"name":"Home","item":"https:\/\/itconcepts.ch\/fr\/"},{"@type":"ListItem","position":2,"name":"Careers"}]},{"@type":"WebSite","@id":"https:\/\/itconcepts.ch\/#website","url":"https:\/\/itconcepts.ch\/","name":"IT Concepts","description":"","potentialAction":[{"@type":"SearchAction","target":{"@type":"EntryPoint","urlTemplate":"https:\/\/itconcepts.ch\/?s={search_term_string}"},"query-input":{"@type":"PropertyValueSpecification","valueRequired":true,"valueName":"search_term_string"}}],"inLanguage":"fr-FR"},{"@type":"ImageObject","inLanguage":"fr-FR","@id":"https:\/\/itconcepts.ch\/fr\/careers\/#local-main-organization-logo","url":"","contentUrl":"","caption":"IT Concepts"}]}},"_links":{"self":[{"href":"https:\/\/itconcepts.ch\/fr\/wp-json\/wp\/v2\/pages\/2644","targetHints":{"allow":["GET"]}}],"collection":[{"href":"https:\/\/itconcepts.ch\/fr\/wp-json\/wp\/v2\/pages"}],"about":[{"href":"https:\/\/itconcepts.ch\/fr\/wp-json\/wp\/v2\/types\/page"}],"author":[{"embeddable":true,"href":"https:\/\/itconcepts.ch\/fr\/wp-json\/wp\/v2\/users\/11"}],"replies":[{"embeddable":true,"href":"https:\/\/itconcepts.ch\/fr\/wp-json\/wp\/v2\/comments?post=2644"}],"version-history":[{"count":0,"href":"https:\/\/itconcepts.ch\/fr\/wp-json\/wp\/v2\/pages\/2644\/revisions"}],"wp:featuredmedia":[{"embeddable":true,"href":"https:\/\/itconcepts.ch\/fr\/wp-json\/wp\/v2\/media\/2820"}],"wp:attachment":[{"href":"https:\/\/itconcepts.ch\/fr\/wp-json\/wp\/v2\/media?parent=2644"}],"curies":[{"name":"wp","href":"https:\/\/api.w.org\/{rel}","templated":true}]}}