{"id":2657,"date":"2024-07-12T14:25:20","date_gmt":"2024-07-12T12:25:20","guid":{"rendered":"https:\/\/dev.itconcepts.berta-bewegt.ch\/blog\/"},"modified":"2025-03-10T09:50:17","modified_gmt":"2025-03-10T08:50:17","slug":"blog","status":"publish","type":"page","link":"https:\/\/itconcepts.ch\/fr\/blog\/","title":{"rendered":"Blog"},"content":{"rendered":"\n    <section class=\"blog-overview-block with-grey-bg\" id=\"\">\n                    <div class=\"blog-filter-wrapper\">\n                <div class=\"filter-top-part-wrapper\">\n    <a href=\"#\" class=\"blue-dark-button-bg filter-open-button\">Filtre<\/a>\n\n    <a href=\"#\" class=\"filter-delete-button\"><i class=\"fa-light fa-xmark\"><\/i><\/a>\n<\/div>\n\n<div class=\"categories-wrapper\">\n            <a href=\"#\" class=\"primary-button-border\" data-group=\"unkategorisiert-fr\">Unkategorisiert<\/a>\n    <\/div>\n            <\/div>\n        \n        <div class=\"loading-fade\">\n            <div class=\"lds-dual-ring\"><\/div>\n        <\/div>\n\n        <div class=\"blog-cards\" data-farbe=\"white\" data-postsperpage=\"4\" data-paged=\"1\">\n            <div class=\"blog-card\">\n    <a href=\"https:\/\/itconcepts.ch\/fr\/workato-la-plateforme-agentic-ai-pour-les-entreprises\/\" class=\"blog-card-inner-container white-bg\">\n        <div class=\"top-wrapper\">\n            <div class=\"blog-image-block\" style=\"background-image: url('https:\/\/itconcepts.ch\/wp-content\/uploads\/2026\/01\/iStock-2209981183-800x533.png')\">\n                <img decoding=\"async\" src=\"https:\/\/itconcepts.ch\/wp-content\/themes\/it_concepts\/assets\/images\/post_placeholder.png\" alt=\"Placeholder\" \/>\n            <\/div>\n\n            <div class=\"top-content-wrapper\">\n                <h2 class=\"like-h1 mb_0\">Workato \u2013 La plateforme Agentic AI pour les entreprises<\/h2>\n\n                            <\/div>\n        <\/div>\n\n        <div class=\"link-wrapper\">\n            <div class=\"fake-blue-dark-button-bg\">En savoir plus<\/div>\n        <\/div>\n    <\/a>\n<\/div>\n<div class=\"blog-card\">\n    <a href=\"https:\/\/itconcepts.ch\/fr\/stopper-efficacement-les-cyberattaques-grace-a-une-cybersecurite-defensive\/\" class=\"blog-card-inner-container white-bg\">\n        <div class=\"top-wrapper\">\n            <div class=\"blog-image-block\" style=\"background-image: url('https:\/\/itconcepts.ch\/wp-content\/uploads\/2025\/12\/iStock-2043763507-800x400.jpg')\">\n                <img decoding=\"async\" src=\"https:\/\/itconcepts.ch\/wp-content\/themes\/it_concepts\/assets\/images\/post_placeholder.png\" alt=\"Placeholder\" \/>\n            <\/div>\n\n            <div class=\"top-content-wrapper\">\n                <h2 class=\"like-h1 mb_0\">Stopper efficacement les cyberattaques \u2013 gr\u00e2ce \u00e0 une cybers\u00e9curit\u00e9 d\u00e9fensive<\/h2>\n\n                                    <div class=\"blog-slide-title-divider\"><\/div>\n                    <p class=\"mb_0 text-black\">Halcyon apporte une cyber-r\u00e9silience moderne en Suisse \u2013 avec ITConcepts comme partenaire pour une protection efficace contre l\u2019extorsion num\u00e9rique.<\/p>\n                            <\/div>\n        <\/div>\n\n        <div class=\"link-wrapper\">\n            <div class=\"fake-blue-dark-button-bg\">En savoir plus<\/div>\n        <\/div>\n    <\/a>\n<\/div>\n<div class=\"blog-card\">\n    <a href=\"https:\/\/itconcepts.ch\/fr\/magic-quadrant-de-gartner-pour-ipaas\/\" class=\"blog-card-inner-container white-bg\">\n        <div class=\"top-wrapper\">\n            <div class=\"blog-image-block\" style=\"background-image: url('https:\/\/itconcepts.ch\/wp-content\/uploads\/2025\/08\/iStock-1471444483-800x450.jpg')\">\n                <img decoding=\"async\" src=\"https:\/\/itconcepts.ch\/wp-content\/themes\/it_concepts\/assets\/images\/post_placeholder.png\" alt=\"Placeholder\" \/>\n            <\/div>\n\n            <div class=\"top-content-wrapper\">\n                <h2 class=\"like-h1 mb_0\">Magic Quadrant\u2122 de Gartner\u00ae pour iPaaS<\/h2>\n\n                            <\/div>\n        <\/div>\n\n        <div class=\"link-wrapper\">\n            <div class=\"fake-blue-dark-button-bg\">En savoir plus<\/div>\n        <\/div>\n    <\/a>\n<\/div>\n<div class=\"blog-card\">\n    <a href=\"https:\/\/itconcepts.ch\/fr\/siam-itsm-und-itil-kurz-erklaert\/\" class=\"blog-card-inner-container white-bg\">\n        <div class=\"top-wrapper\">\n            <div class=\"blog-image-block\" style=\"background-image: url('https:\/\/itconcepts.ch\/wp-content\/uploads\/2025\/02\/was-ist-der-unterschied-zwischen-itsm-und-siam-700x367.5-c-default.png')\">\n                <img decoding=\"async\" src=\"https:\/\/itconcepts.ch\/wp-content\/themes\/it_concepts\/assets\/images\/post_placeholder.png\" alt=\"Placeholder\" \/>\n            <\/div>\n\n            <div class=\"top-content-wrapper\">\n                <h2 class=\"like-h1 mb_0\">SIAM, ITSM et ITIL : en bref<\/h2>\n\n                                    <div class=\"blog-slide-title-divider\"><\/div>\n                    <p class=\"mb_0 text-black\">Die IT-Welt steckt voller Abk\u00fcrzungen \u2013 doch was bedeuten SIAM, ITSM und ITIL wirklich? In diesem Beitrag erf\u00e4hrst du kompakt und verst\u00e4ndlich, wie diese Konzepte zusammenh\u00e4ngen und welche Rolle sie im IT-Service-Management spielen.<\/p>\n                            <\/div>\n        <\/div>\n\n        <div class=\"link-wrapper\">\n            <div class=\"fake-blue-dark-button-bg\">En savoir plus<\/div>\n        <\/div>\n    <\/a>\n<\/div>\n        <\/div>\n\n                    <div class=\"load-more-wrapper\">\n                <a href=\"#\" class=\"blue-dark-button-bg\">Charger davantage<\/a>\n            <\/div>\n            <\/section>\n\n\n\n\n\n            <section class=\"logos-slider-block  block-with-top-bottom-margins\" id=\"\">\n            <div class=\"title-block text-center\">\n                    <p class=\"subtitle\">Nos clients<\/p>\n\n\n            <\/div>\n\n            <div class=\"logos-slider\">\n                                    <div class=\"logos-slide\">\n                        <div class=\"logos-slide-inner-container\">\n                                                            <div class=\"logo\" style=\"background-image: url('https:\/\/itconcepts.ch\/wp-content\/uploads\/2024\/07\/kunde_03.png')\"><\/div>\n                                                    <\/div>\n                    <\/div>\n                                    <div class=\"logos-slide\">\n                        <div class=\"logos-slide-inner-container\">\n                                                            <div class=\"logo\" style=\"background-image: url('https:\/\/itconcepts.ch\/wp-content\/uploads\/2025\/03\/Helsana-logo-transparent.png')\"><\/div>\n                                                    <\/div>\n                    <\/div>\n                                    <div class=\"logos-slide\">\n                        <div class=\"logos-slide-inner-container\">\n                                                            <div class=\"logo\" style=\"background-image: url('https:\/\/itconcepts.ch\/wp-content\/uploads\/2025\/03\/SIX-Group-transparent.png')\"><\/div>\n                                                    <\/div>\n                    <\/div>\n                                    <div class=\"logos-slide\">\n                        <div class=\"logos-slide-inner-container\">\n                                                            <div class=\"logo\" style=\"background-image: url('https:\/\/itconcepts.ch\/wp-content\/uploads\/2025\/03\/zfv_logo_de_100mm_sw_ohne-gastronomiegruppe.png')\"><\/div>\n                                                    <\/div>\n                    <\/div>\n                                    <div class=\"logos-slide\">\n                        <div class=\"logos-slide-inner-container\">\n                                                            <div class=\"logo\" style=\"background-image: url('https:\/\/itconcepts.ch\/wp-content\/uploads\/2025\/03\/download-4-325x108-1.png')\"><\/div>\n                                                    <\/div>\n                    <\/div>\n                                    <div class=\"logos-slide\">\n                        <div class=\"logos-slide-inner-container\">\n                                                            <div class=\"logo\" style=\"background-image: url('https:\/\/itconcepts.ch\/wp-content\/uploads\/2025\/03\/g_g_las-logo-homepage2.png')\"><\/div>\n                                                    <\/div>\n                    <\/div>\n                                    <div class=\"logos-slide\">\n                        <div class=\"logos-slide-inner-container\">\n                                                            <div class=\"logo\" style=\"background-image: url('https:\/\/itconcepts.ch\/wp-content\/uploads\/2025\/03\/WWZ-Logo-2020_Emobilzug_blau.png')\"><\/div>\n                                                    <\/div>\n                    <\/div>\n                                    <div class=\"logos-slide\">\n                        <div class=\"logos-slide-inner-container\">\n                                                            <div class=\"logo\" style=\"background-image: url('https:\/\/itconcepts.ch\/wp-content\/uploads\/2025\/03\/Copy-of-logo1-scaled.jpg')\"><\/div>\n                                                    <\/div>\n                    <\/div>\n                                    <div class=\"logos-slide\">\n                        <div class=\"logos-slide-inner-container\">\n                                                            <div class=\"logo\" style=\"background-image: url('https:\/\/itconcepts.ch\/wp-content\/uploads\/2025\/03\/MeteoSwiss_color_logo.png')\"><\/div>\n                                                    <\/div>\n                    <\/div>\n                            <\/div>\n        <\/section>\n    \n\n","protected":false},"excerpt":{"rendered":"","protected":false},"author":11,"featured_media":2811,"parent":0,"menu_order":10,"comment_status":"closed","ping_status":"closed","template":"","meta":{"_acf_changed":false,"inline_featured_image":false,"footnotes":""},"class_list":["post-2657","page","type-page","status-publish","has-post-thumbnail","hentry"],"acf":[],"yoast_head":"<!-- This site is optimized with the Yoast SEO Premium plugin v27.0 (Yoast SEO v27.0) - https:\/\/yoast.com\/product\/yoast-seo-premium-wordpress\/ -->\n<title>Blog - IT Concepts<\/title>\n<meta name=\"robots\" content=\"index, follow, max-snippet:-1, max-image-preview:large, max-video-preview:-1\" \/>\n<link rel=\"canonical\" href=\"https:\/\/itconcepts.ch\/fr\/blog\/\" \/>\n<meta property=\"og:locale\" content=\"fr_FR\" \/>\n<meta property=\"og:type\" content=\"article\" \/>\n<meta property=\"og:title\" content=\"Blog\" \/>\n<meta property=\"og:url\" content=\"https:\/\/itconcepts.ch\/fr\/blog\/\" \/>\n<meta property=\"og:site_name\" content=\"IT Concepts\" \/>\n<meta property=\"article:modified_time\" content=\"2025-03-10T08:50:17+00:00\" \/>\n<meta property=\"og:image\" content=\"https:\/\/itconcepts.ch\/wp-content\/uploads\/2025\/03\/Header-Blog.jpg\" \/>\n\t<meta property=\"og:image:width\" content=\"1920\" \/>\n\t<meta property=\"og:image:height\" content=\"1080\" \/>\n\t<meta property=\"og:image:type\" content=\"image\/jpeg\" \/>\n<meta name=\"twitter:card\" content=\"summary_large_image\" \/>\n<meta name=\"twitter:label1\" content=\"Est. reading time\" \/>\n\t<meta name=\"twitter:data1\" content=\"1 minute\" \/>\n<script type=\"application\/ld+json\" class=\"yoast-schema-graph\">{\"@context\":\"https:\/\/schema.org\",\"@graph\":[{\"@type\":\"WebPage\",\"@id\":\"https:\/\/itconcepts.ch\/fr\/blog\/\",\"url\":\"https:\/\/itconcepts.ch\/fr\/blog\/\",\"name\":\"Blog - IT Concepts\",\"isPartOf\":{\"@id\":\"https:\/\/itconcepts.ch\/#website\"},\"primaryImageOfPage\":{\"@id\":\"https:\/\/itconcepts.ch\/fr\/blog\/#primaryimage\"},\"image\":{\"@id\":\"https:\/\/itconcepts.ch\/fr\/blog\/#primaryimage\"},\"thumbnailUrl\":\"https:\/\/itconcepts.ch\/wp-content\/uploads\/2025\/03\/Header-Blog.jpg\",\"datePublished\":\"2024-07-12T12:25:20+00:00\",\"dateModified\":\"2025-03-10T08:50:17+00:00\",\"breadcrumb\":{\"@id\":\"https:\/\/itconcepts.ch\/fr\/blog\/#breadcrumb\"},\"inLanguage\":\"fr-FR\",\"potentialAction\":[{\"@type\":\"ReadAction\",\"target\":[\"https:\/\/itconcepts.ch\/fr\/blog\/\"]}]},{\"@type\":\"ImageObject\",\"inLanguage\":\"fr-FR\",\"@id\":\"https:\/\/itconcepts.ch\/fr\/blog\/#primaryimage\",\"url\":\"https:\/\/itconcepts.ch\/wp-content\/uploads\/2025\/03\/Header-Blog.jpg\",\"contentUrl\":\"https:\/\/itconcepts.ch\/wp-content\/uploads\/2025\/03\/Header-Blog.jpg\",\"width\":1920,\"height\":1080},{\"@type\":\"BreadcrumbList\",\"@id\":\"https:\/\/itconcepts.ch\/fr\/blog\/#breadcrumb\",\"itemListElement\":[{\"@type\":\"ListItem\",\"position\":1,\"name\":\"Home\",\"item\":\"https:\/\/itconcepts.ch\/fr\/\"},{\"@type\":\"ListItem\",\"position\":2,\"name\":\"Blog\"}]},{\"@type\":\"WebSite\",\"@id\":\"https:\/\/itconcepts.ch\/#website\",\"url\":\"https:\/\/itconcepts.ch\/\",\"name\":\"IT Concepts\",\"description\":\"\",\"potentialAction\":[{\"@type\":\"SearchAction\",\"target\":{\"@type\":\"EntryPoint\",\"urlTemplate\":\"https:\/\/itconcepts.ch\/?s={search_term_string}\"},\"query-input\":{\"@type\":\"PropertyValueSpecification\",\"valueRequired\":true,\"valueName\":\"search_term_string\"}}],\"inLanguage\":\"fr-FR\"},{\"@type\":\"ImageObject\",\"inLanguage\":\"fr-FR\",\"@id\":\"https:\/\/itconcepts.ch\/fr\/blog\/#local-main-organization-logo\",\"url\":\"\",\"contentUrl\":\"\",\"caption\":\"IT Concepts\"}]}<\/script>\n<!-- \/ Yoast SEO Premium plugin. -->","yoast_head_json":{"title":"Blog - IT Concepts","robots":{"index":"index","follow":"follow","max-snippet":"max-snippet:-1","max-image-preview":"max-image-preview:large","max-video-preview":"max-video-preview:-1"},"canonical":"https:\/\/itconcepts.ch\/fr\/blog\/","og_locale":"fr_FR","og_type":"article","og_title":"Blog","og_url":"https:\/\/itconcepts.ch\/fr\/blog\/","og_site_name":"IT Concepts","article_modified_time":"2025-03-10T08:50:17+00:00","og_image":[{"width":1920,"height":1080,"url":"https:\/\/itconcepts.ch\/wp-content\/uploads\/2025\/03\/Header-Blog.jpg","type":"image\/jpeg"}],"twitter_card":"summary_large_image","twitter_misc":{"Est. reading time":"1 minute"},"schema":{"@context":"https:\/\/schema.org","@graph":[{"@type":"WebPage","@id":"https:\/\/itconcepts.ch\/fr\/blog\/","url":"https:\/\/itconcepts.ch\/fr\/blog\/","name":"Blog - IT Concepts","isPartOf":{"@id":"https:\/\/itconcepts.ch\/#website"},"primaryImageOfPage":{"@id":"https:\/\/itconcepts.ch\/fr\/blog\/#primaryimage"},"image":{"@id":"https:\/\/itconcepts.ch\/fr\/blog\/#primaryimage"},"thumbnailUrl":"https:\/\/itconcepts.ch\/wp-content\/uploads\/2025\/03\/Header-Blog.jpg","datePublished":"2024-07-12T12:25:20+00:00","dateModified":"2025-03-10T08:50:17+00:00","breadcrumb":{"@id":"https:\/\/itconcepts.ch\/fr\/blog\/#breadcrumb"},"inLanguage":"fr-FR","potentialAction":[{"@type":"ReadAction","target":["https:\/\/itconcepts.ch\/fr\/blog\/"]}]},{"@type":"ImageObject","inLanguage":"fr-FR","@id":"https:\/\/itconcepts.ch\/fr\/blog\/#primaryimage","url":"https:\/\/itconcepts.ch\/wp-content\/uploads\/2025\/03\/Header-Blog.jpg","contentUrl":"https:\/\/itconcepts.ch\/wp-content\/uploads\/2025\/03\/Header-Blog.jpg","width":1920,"height":1080},{"@type":"BreadcrumbList","@id":"https:\/\/itconcepts.ch\/fr\/blog\/#breadcrumb","itemListElement":[{"@type":"ListItem","position":1,"name":"Home","item":"https:\/\/itconcepts.ch\/fr\/"},{"@type":"ListItem","position":2,"name":"Blog"}]},{"@type":"WebSite","@id":"https:\/\/itconcepts.ch\/#website","url":"https:\/\/itconcepts.ch\/","name":"IT Concepts","description":"","potentialAction":[{"@type":"SearchAction","target":{"@type":"EntryPoint","urlTemplate":"https:\/\/itconcepts.ch\/?s={search_term_string}"},"query-input":{"@type":"PropertyValueSpecification","valueRequired":true,"valueName":"search_term_string"}}],"inLanguage":"fr-FR"},{"@type":"ImageObject","inLanguage":"fr-FR","@id":"https:\/\/itconcepts.ch\/fr\/blog\/#local-main-organization-logo","url":"","contentUrl":"","caption":"IT Concepts"}]}},"_links":{"self":[{"href":"https:\/\/itconcepts.ch\/fr\/wp-json\/wp\/v2\/pages\/2657","targetHints":{"allow":["GET"]}}],"collection":[{"href":"https:\/\/itconcepts.ch\/fr\/wp-json\/wp\/v2\/pages"}],"about":[{"href":"https:\/\/itconcepts.ch\/fr\/wp-json\/wp\/v2\/types\/page"}],"author":[{"embeddable":true,"href":"https:\/\/itconcepts.ch\/fr\/wp-json\/wp\/v2\/users\/11"}],"replies":[{"embeddable":true,"href":"https:\/\/itconcepts.ch\/fr\/wp-json\/wp\/v2\/comments?post=2657"}],"version-history":[{"count":0,"href":"https:\/\/itconcepts.ch\/fr\/wp-json\/wp\/v2\/pages\/2657\/revisions"}],"wp:featuredmedia":[{"embeddable":true,"href":"https:\/\/itconcepts.ch\/fr\/wp-json\/wp\/v2\/media\/2811"}],"wp:attachment":[{"href":"https:\/\/itconcepts.ch\/fr\/wp-json\/wp\/v2\/media?parent=2657"}],"curies":[{"name":"wp","href":"https:\/\/api.w.org\/{rel}","templated":true}]}}