{"id":2725,"date":"2025-01-29T14:03:12","date_gmt":"2025-01-29T13:03:12","guid":{"rendered":"https:\/\/dev.itconcepts.berta-bewegt.ch\/plattformen\/evolveum\/"},"modified":"2026-04-08T14:34:47","modified_gmt":"2026-04-08T12:34:47","slug":"evolveum","status":"publish","type":"page","link":"https:\/\/itconcepts.ch\/fr\/plattformen\/evolveum\/","title":{"rendered":"Evolveum Midpoint"},"content":{"rendered":"\n    <section class=\"page-block-block block-with-grey-bg\" id=\"\">\n        <div class=\"cols-block  \">\n            <div class=\"col-l\">\n                <div class=\"title-block title-block-untertitel-desk\">\n                        <p class=\"subtitle\">Qu&rsquo;est-ce qu&rsquo;Evolveum ?<\/p>\n\n    <h2 class=\"like-h1\">Solution logicielle Evolveum<\/h2>\n\n    <div class=\"text-block-simple\"><p>Evolveum est un fournisseur de solutions sp\u00e9cialis\u00e9es dans le domaine de la gestion des identit\u00e9s et des acc\u00e8s (IAM), avec un fort accent sur la s\u00e9curit\u00e9 informatique. La plateforme centrale, MidPoint, est une solution IAM open source qui aide les entreprises \u00e0 g\u00e9rer de mani\u00e8re s\u00e9curis\u00e9e et centralis\u00e9e les identit\u00e9s des utilisateurs et les droits d&rsquo;acc\u00e8s. MidPoint combine des fonctions de s\u00e9curit\u00e9 puissantes avec la flexibilit\u00e9 n\u00e9cessaire pour fonctionner dans des infrastructures informatiques exigeantes et complexes. En mettant l&rsquo;accent sur la protection des donn\u00e9es, la conformit\u00e9 et le contr\u00f4le efficace des acc\u00e8s, Evolveum propose une solution robuste qui aide les entreprises \u00e0 garder le contr\u00f4le des politiques de s\u00e9curit\u00e9 informatique et des identit\u00e9s.<\/p>\n<\/div>\n                <\/div>\n\n                            <\/div>\n\n            <div class=\"col-r\">\n                <div class=\"title-block title-block-untertitel-mob\">\n                        <p class=\"subtitle\">Qu&rsquo;est-ce qu&rsquo;Evolveum ?<\/p>\n\n\n                <\/div>\n\n                                    <img decoding=\"async\" src=\"https:\/\/itconcepts.ch\/wp-content\/uploads\/2026\/04\/evolveum-gold-partner-badge-for-website-1.png\" class=\"\" alt=\"Solution logicielle Evolveum\" \/>\n                            <\/div>\n        <\/div>\n    <\/section>\n\n\n\n\n    <section class=\"text-cards-4-cols-block with-grey-bg\" id=\"\">\n                    <img decoding=\"async\" src=\"https:\/\/itconcepts.ch\/wp-content\/themes\/it_concepts\/assets\/images\/red_bg_lines_left.svg\" class=\"block-lines-left block-lines-left-grey-version\" alt=\"Block Lines\" \/>\n            <img decoding=\"async\" src=\"https:\/\/itconcepts.ch\/wp-content\/themes\/it_concepts\/assets\/images\/red_bg_lines_right.svg\" class=\"block-lines-right block-lines-left-grey-version\" alt=\"Block Lines\" \/>\n        \n        <div class=\"title-block title-block-narrow\">\n                <p class=\"subtitle\">Pourquoi Evolveum Midpoint ?<\/p>\n\n    <h2 class=\"like-h1\">Les avantages d&rsquo;Evolveum<\/h2>\n\n    <div class=\"text-block-simple\"><p>Evolveum MidPoint est la solution open source id\u00e9ale pour la gestion des identit\u00e9s et la gouvernance. La plateforme automatise les processus d&rsquo;identit\u00e9 et d&rsquo;acc\u00e8s, assure une s\u00e9curit\u00e9 accrue et aide les entreprises \u00e0 se conformer aux exigences de conformit\u00e9 telles que le RGPD. Gr\u00e2ce \u00e0 son architecture flexible, MidPoint s&rsquo;int\u00e8gre parfaitement aux syst\u00e8mes informatiques existants et peut \u00eatre personnalis\u00e9, ce qui permet aux entreprises de rendre leur gestion des identit\u00e9s plus efficace et p\u00e9renne.<\/p>\n<\/div>\n        <\/div>\n\n                    <div class=\"text-cards-cols text-cards-cols-always-hidden\">\n                                    <div class=\"text-card\">\n                        <div class=\"text-card-inner-container text-card-inner-container-grey\">\n                                                            <div class=\"icon-wrapper\">\n                                    <div style=\"background-image: url('https:\/\/itconcepts.ch\/wp-content\/uploads\/2025\/03\/Data-Access-Governance_bearbeitet-371dab.svg')\"><\/div>\n                                <\/div>\n                            \n                                                            <h3 class=\"big mb_0 text-center\">Contr\u00f4le de s\u00e9curit\u00e9<\/h3>\n                                <div class=\"title-divider\"><\/div>\n                            \n                                                            <p class=\"small mb_0 text-center\">Centralise la gestion des acc\u00e8s et prot\u00e8ge les donn\u00e9es sensibles.\r\n<\/p>\n                            \n                                                    <\/div>\n                    <\/div>\n                                    <div class=\"text-card\">\n                        <div class=\"text-card-inner-container text-card-inner-container-grey\">\n                                                            <div class=\"icon-wrapper\">\n                                    <div style=\"background-image: url('https:\/\/itconcepts.ch\/wp-content\/uploads\/2025\/03\/Consulting-e2f6f4.svg')\"><\/div>\n                                <\/div>\n                            \n                                                            <h3 class=\"big mb_0 text-center\">Automatisation<\/h3>\n                                <div class=\"title-divider\"><\/div>\n                            \n                                                            <p class=\"small mb_0 text-center\">Unifie et automatise la gestion des identit\u00e9s.\r\n<\/p>\n                            \n                                                    <\/div>\n                    <\/div>\n                                    <div class=\"text-card\">\n                        <div class=\"text-card-inner-container text-card-inner-container-grey\">\n                                                            <div class=\"icon-wrapper\">\n                                    <div style=\"background-image: url('https:\/\/itconcepts.ch\/wp-content\/uploads\/2025\/03\/Puzzle_bearbeitet-87b6a5.svg')\"><\/div>\n                                <\/div>\n                            \n                                                            <h3 class=\"big mb_0 text-center\">La flexibilit\u00e9 de l&rsquo;open source<\/h3>\n                                <div class=\"title-divider\"><\/div>\n                            \n                                                            <p class=\"small mb_0 text-center\">Offre transparence et adaptation aux besoins individuels.\r\n<\/p>\n                            \n                                                    <\/div>\n                    <\/div>\n                                    <div class=\"text-card\">\n                        <div class=\"text-card-inner-container text-card-inner-container-grey\">\n                                                            <div class=\"icon-wrapper\">\n                                    <div style=\"background-image: url('https:\/\/itconcepts.ch\/wp-content\/uploads\/2025\/03\/Dokument-1e09dd.svg')\"><\/div>\n                                <\/div>\n                            \n                                                            <h3 class=\"big mb_0 text-center\">Assistance en mati\u00e8re de conformit\u00e9<\/h3>\n                                <div class=\"title-divider\"><\/div>\n                            \n                                                            <p class=\"small mb_0 text-center\">Aide \u00e0 la protection des donn\u00e9es et aux audits avec des rapports d\u00e9taill\u00e9s.\r\n<\/p>\n                            \n                                                    <\/div>\n                    <\/div>\n                            <\/div>\n\n            <div class=\"text-cards-slider text-cards-slider-always-visible\">\n                                    <div class=\"text-card\">\n                        <div class=\"text-card-inner-container text-card-inner-container-grey\">\n                                                            <div class=\"icon-wrapper\">\n                                    <div style=\"background-image: url('https:\/\/itconcepts.ch\/wp-content\/uploads\/2025\/03\/Data-Access-Governance_bearbeitet-371dab.svg')\"><\/div>\n                                <\/div>\n                            \n                                                            <h3 class=\"big mb_0 text-center\">Contr\u00f4le de s\u00e9curit\u00e9<\/h3>\n                                <div class=\"title-divider\"><\/div>\n                            \n                                                            <p class=\"small mb_0 text-center\">Centralise la gestion des acc\u00e8s et prot\u00e8ge les donn\u00e9es sensibles.\r\n<\/p>\n                            \n                                                    <\/div>\n                    <\/div>\n                                    <div class=\"text-card\">\n                        <div class=\"text-card-inner-container text-card-inner-container-grey\">\n                                                            <div class=\"icon-wrapper\">\n                                    <div style=\"background-image: url('https:\/\/itconcepts.ch\/wp-content\/uploads\/2025\/03\/Consulting-e2f6f4.svg')\"><\/div>\n                                <\/div>\n                            \n                                                            <h3 class=\"big mb_0 text-center\">Automatisation<\/h3>\n                                <div class=\"title-divider\"><\/div>\n                            \n                                                            <p class=\"small mb_0 text-center\">Unifie et automatise la gestion des identit\u00e9s.\r\n<\/p>\n                            \n                                                    <\/div>\n                    <\/div>\n                                    <div class=\"text-card\">\n                        <div class=\"text-card-inner-container text-card-inner-container-grey\">\n                                                            <div class=\"icon-wrapper\">\n                                    <div style=\"background-image: url('https:\/\/itconcepts.ch\/wp-content\/uploads\/2025\/03\/Puzzle_bearbeitet-87b6a5.svg')\"><\/div>\n                                <\/div>\n                            \n                                                            <h3 class=\"big mb_0 text-center\">La flexibilit\u00e9 de l&rsquo;open source<\/h3>\n                                <div class=\"title-divider\"><\/div>\n                            \n                                                            <p class=\"small mb_0 text-center\">Offre transparence et adaptation aux besoins individuels.\r\n<\/p>\n                            \n                                                    <\/div>\n                    <\/div>\n                                    <div class=\"text-card\">\n                        <div class=\"text-card-inner-container text-card-inner-container-grey\">\n                                                            <div class=\"icon-wrapper\">\n                                    <div style=\"background-image: url('https:\/\/itconcepts.ch\/wp-content\/uploads\/2025\/03\/Dokument-1e09dd.svg')\"><\/div>\n                                <\/div>\n                            \n                                                            <h3 class=\"big mb_0 text-center\">Assistance en mati\u00e8re de conformit\u00e9<\/h3>\n                                <div class=\"title-divider\"><\/div>\n                            \n                                                            <p class=\"small mb_0 text-center\">Aide \u00e0 la protection des donn\u00e9es et aux audits avec des rapports d\u00e9taill\u00e9s.\r\n<\/p>\n                            \n                                                    <\/div>\n                    <\/div>\n                            <\/div>\n            <\/section>\n\n\n\n\n\n            <section class=\"person-kontakt-block block-with-grey-bg\" id=\"\">\n            <div class=\"person-kontakt-cols\">\n                <div class=\"person-kontakt-left-part\">\n                    <div class=\"person-kontakt-left-part-inner-container\">\n                                                    <h2 class=\"like-h1\">Souhaitez-vous une consultation sur Evolveum?<\/h2>\n                        \n                                                    <p>Vous souhaitez en savoir plus sur Evolveum ou trouver une solution adapt\u00e9e \u00e0 votre entreprise ? Nos experts vous conseillent gratuitement et sans engagement. Contactez-nous d\u00e8s maintenant !<\/p>\n                        \n                                                    <div class=\"person-kontakt-email-wrapper\">\n                                <a href=\"mailto: info@itconcepts.ch\" class=\"primary-button-bg btn-medium\">Prendre contact<\/a>\n                            <\/div>\n                                            <\/div>\n                <\/div>\n\n                <div class=\"person-kontakt-right-part\">\n                    <div class=\"person-kontakt-right-part-inner-container\">\n                                                    <img decoding=\"async\" src=\"https:\/\/itconcepts.ch\/wp-content\/uploads\/2025\/02\/christian_gerber_1x1-800x800.jpg\" \/>\n                        \n                                                    <h3 class=\"small text-red text-bold mb_0\">Christian Gerber<\/h3>\n                        \n                                                    <p class=\" mb_0\">CRMO<\/p>\n                                            <\/div>\n                <\/div>\n            <\/div>\n        <\/section>\n    \n\n\n\n            <section class=\"download-block block-with-grey-bg\" id=\"\">\n            <div class=\"download-block-inner-container\">\n                <div class=\"title-block text-center\">\n                    \n    <h2 class=\"like-h1\">T\u00e9l\u00e9chargements<\/h2>\n\n                <\/div>\n\n                <div class=\"downloads-cards\">\n                    \n<div class=\"download-card\">\n    <div class=\"download-card-inner-container\">\n        <div class=\"download-card-image\" style=\"background-image: url('https:\/\/itconcepts.ch\/wp-content\/uploads\/2025\/02\/Screenshot-From-2025-03-10-11-15-57.png');\">\n            <img decoding=\"async\" src=\"https:\/\/itconcepts.ch\/wp-content\/themes\/it_concepts\/assets\/images\/download_template.png\" width=\"330px\" height=\"400px\" alt=\"Download template\" \/>\n        <\/div>\n\n        <div class=\"download-card-content\">\n            <h2 class=\"mb_0\">MidPoint<\/h2>\n            <div class=\"download-card-title-divider\"><\/div>\n\n                            <div>\n                    <a href=\"#\" data-pdf=\"https:\/\/itconcepts.ch\/wp-content\/uploads\/2025\/02\/midpoint-datasheet.pdf\" data-title=\"MidPoint\" data-image=\"https:\/\/itconcepts.ch\/wp-content\/uploads\/2025\/02\/Screenshot-From-2025-03-10-11-15-57.png\" class=\"button-download open-download-overlay\">\n                        T\u00e9l\u00e9charger le PDF                    <\/a>\n                <\/div>\n                    <\/div>\n    <\/div>\n<\/div>\n                <\/div>\n\n                                    <div class=\"link-wrapper\">\n                        <a href=\"http:\/\/itconcepts.ch\/unterlagen-fuer-profis\/#download\" class=\"blue-dark-button-bg\">Vers la page de t\u00e9l\u00e9chargement<\/a>\n                    <\/div>\n                            <\/div>\n        <\/section>\n    \n\n\n\n\n<p><\/p>\n","protected":false},"excerpt":{"rendered":"","protected":false},"author":11,"featured_media":22,"parent":2624,"menu_order":5,"comment_status":"closed","ping_status":"closed","template":"","meta":{"_acf_changed":false,"inline_featured_image":false,"footnotes":""},"class_list":["post-2725","page","type-page","status-publish","has-post-thumbnail","hentry"],"acf":[],"yoast_head":"<!-- This site is optimized with the Yoast SEO Premium plugin v27.0 (Yoast SEO v27.0) - https:\/\/yoast.com\/product\/yoast-seo-premium-wordpress\/ -->\n<title>Evolveum Midpoint - IT Concepts<\/title>\n<meta name=\"robots\" content=\"index, follow, max-snippet:-1, max-image-preview:large, max-video-preview:-1\" \/>\n<link rel=\"canonical\" href=\"https:\/\/itconcepts.ch\/fr\/plattformen\/evolveum\/\" \/>\n<meta property=\"og:locale\" content=\"fr_FR\" \/>\n<meta property=\"og:type\" content=\"article\" \/>\n<meta property=\"og:title\" content=\"Evolveum Midpoint\" \/>\n<meta property=\"og:url\" content=\"https:\/\/itconcepts.ch\/fr\/plattformen\/evolveum\/\" \/>\n<meta property=\"og:site_name\" content=\"IT Concepts\" \/>\n<meta property=\"article:modified_time\" content=\"2026-04-08T12:34:47+00:00\" \/>\n<meta property=\"og:image\" content=\"https:\/\/itconcepts.ch\/wp-content\/uploads\/2024\/07\/AdobeStock_163119186_Preview.png\" \/>\n\t<meta property=\"og:image:width\" content=\"1920\" \/>\n\t<meta property=\"og:image:height\" content=\"1083\" \/>\n\t<meta property=\"og:image:type\" content=\"image\/png\" \/>\n<meta name=\"twitter:card\" content=\"summary_large_image\" \/>\n<meta name=\"twitter:label1\" content=\"Est. reading time\" \/>\n\t<meta name=\"twitter:data1\" content=\"1 minute\" \/>\n<script type=\"application\/ld+json\" class=\"yoast-schema-graph\">{\"@context\":\"https:\/\/schema.org\",\"@graph\":[{\"@type\":\"WebPage\",\"@id\":\"https:\/\/itconcepts.ch\/fr\/plattformen\/evolveum\/\",\"url\":\"https:\/\/itconcepts.ch\/fr\/plattformen\/evolveum\/\",\"name\":\"Evolveum Midpoint - IT Concepts\",\"isPartOf\":{\"@id\":\"https:\/\/itconcepts.ch\/#website\"},\"primaryImageOfPage\":{\"@id\":\"https:\/\/itconcepts.ch\/fr\/plattformen\/evolveum\/#primaryimage\"},\"image\":{\"@id\":\"https:\/\/itconcepts.ch\/fr\/plattformen\/evolveum\/#primaryimage\"},\"thumbnailUrl\":\"https:\/\/itconcepts.ch\/wp-content\/uploads\/2024\/07\/AdobeStock_163119186_Preview.png\",\"datePublished\":\"2025-01-29T13:03:12+00:00\",\"dateModified\":\"2026-04-08T12:34:47+00:00\",\"breadcrumb\":{\"@id\":\"https:\/\/itconcepts.ch\/fr\/plattformen\/evolveum\/#breadcrumb\"},\"inLanguage\":\"fr-FR\",\"potentialAction\":[{\"@type\":\"ReadAction\",\"target\":[\"https:\/\/itconcepts.ch\/fr\/plattformen\/evolveum\/\"]}]},{\"@type\":\"ImageObject\",\"inLanguage\":\"fr-FR\",\"@id\":\"https:\/\/itconcepts.ch\/fr\/plattformen\/evolveum\/#primaryimage\",\"url\":\"https:\/\/itconcepts.ch\/wp-content\/uploads\/2024\/07\/AdobeStock_163119186_Preview.png\",\"contentUrl\":\"https:\/\/itconcepts.ch\/wp-content\/uploads\/2024\/07\/AdobeStock_163119186_Preview.png\",\"width\":1920,\"height\":1083},{\"@type\":\"BreadcrumbList\",\"@id\":\"https:\/\/itconcepts.ch\/fr\/plattformen\/evolveum\/#breadcrumb\",\"itemListElement\":[{\"@type\":\"ListItem\",\"position\":1,\"name\":\"Home\",\"item\":\"https:\/\/itconcepts.ch\/fr\/\"},{\"@type\":\"ListItem\",\"position\":2,\"name\":\"Plateformes\",\"item\":\"https:\/\/itconcepts.ch\/fr\/plattformen\/\"},{\"@type\":\"ListItem\",\"position\":3,\"name\":\"Evolveum Midpoint\"}]},{\"@type\":\"WebSite\",\"@id\":\"https:\/\/itconcepts.ch\/#website\",\"url\":\"https:\/\/itconcepts.ch\/\",\"name\":\"IT Concepts\",\"description\":\"\",\"potentialAction\":[{\"@type\":\"SearchAction\",\"target\":{\"@type\":\"EntryPoint\",\"urlTemplate\":\"https:\/\/itconcepts.ch\/?s={search_term_string}\"},\"query-input\":{\"@type\":\"PropertyValueSpecification\",\"valueRequired\":true,\"valueName\":\"search_term_string\"}}],\"inLanguage\":\"fr-FR\"},{\"@type\":\"ImageObject\",\"inLanguage\":\"fr-FR\",\"@id\":\"https:\/\/itconcepts.ch\/fr\/plattformen\/evolveum\/#local-main-organization-logo\",\"url\":\"\",\"contentUrl\":\"\",\"caption\":\"IT Concepts\"}]}<\/script>\n<!-- \/ Yoast SEO Premium plugin. -->","yoast_head_json":{"title":"Evolveum Midpoint - IT Concepts","robots":{"index":"index","follow":"follow","max-snippet":"max-snippet:-1","max-image-preview":"max-image-preview:large","max-video-preview":"max-video-preview:-1"},"canonical":"https:\/\/itconcepts.ch\/fr\/plattformen\/evolveum\/","og_locale":"fr_FR","og_type":"article","og_title":"Evolveum Midpoint","og_url":"https:\/\/itconcepts.ch\/fr\/plattformen\/evolveum\/","og_site_name":"IT Concepts","article_modified_time":"2026-04-08T12:34:47+00:00","og_image":[{"width":1920,"height":1083,"url":"https:\/\/itconcepts.ch\/wp-content\/uploads\/2024\/07\/AdobeStock_163119186_Preview.png","type":"image\/png"}],"twitter_card":"summary_large_image","twitter_misc":{"Est. reading time":"1 minute"},"schema":{"@context":"https:\/\/schema.org","@graph":[{"@type":"WebPage","@id":"https:\/\/itconcepts.ch\/fr\/plattformen\/evolveum\/","url":"https:\/\/itconcepts.ch\/fr\/plattformen\/evolveum\/","name":"Evolveum Midpoint - IT Concepts","isPartOf":{"@id":"https:\/\/itconcepts.ch\/#website"},"primaryImageOfPage":{"@id":"https:\/\/itconcepts.ch\/fr\/plattformen\/evolveum\/#primaryimage"},"image":{"@id":"https:\/\/itconcepts.ch\/fr\/plattformen\/evolveum\/#primaryimage"},"thumbnailUrl":"https:\/\/itconcepts.ch\/wp-content\/uploads\/2024\/07\/AdobeStock_163119186_Preview.png","datePublished":"2025-01-29T13:03:12+00:00","dateModified":"2026-04-08T12:34:47+00:00","breadcrumb":{"@id":"https:\/\/itconcepts.ch\/fr\/plattformen\/evolveum\/#breadcrumb"},"inLanguage":"fr-FR","potentialAction":[{"@type":"ReadAction","target":["https:\/\/itconcepts.ch\/fr\/plattformen\/evolveum\/"]}]},{"@type":"ImageObject","inLanguage":"fr-FR","@id":"https:\/\/itconcepts.ch\/fr\/plattformen\/evolveum\/#primaryimage","url":"https:\/\/itconcepts.ch\/wp-content\/uploads\/2024\/07\/AdobeStock_163119186_Preview.png","contentUrl":"https:\/\/itconcepts.ch\/wp-content\/uploads\/2024\/07\/AdobeStock_163119186_Preview.png","width":1920,"height":1083},{"@type":"BreadcrumbList","@id":"https:\/\/itconcepts.ch\/fr\/plattformen\/evolveum\/#breadcrumb","itemListElement":[{"@type":"ListItem","position":1,"name":"Home","item":"https:\/\/itconcepts.ch\/fr\/"},{"@type":"ListItem","position":2,"name":"Plateformes","item":"https:\/\/itconcepts.ch\/fr\/plattformen\/"},{"@type":"ListItem","position":3,"name":"Evolveum Midpoint"}]},{"@type":"WebSite","@id":"https:\/\/itconcepts.ch\/#website","url":"https:\/\/itconcepts.ch\/","name":"IT Concepts","description":"","potentialAction":[{"@type":"SearchAction","target":{"@type":"EntryPoint","urlTemplate":"https:\/\/itconcepts.ch\/?s={search_term_string}"},"query-input":{"@type":"PropertyValueSpecification","valueRequired":true,"valueName":"search_term_string"}}],"inLanguage":"fr-FR"},{"@type":"ImageObject","inLanguage":"fr-FR","@id":"https:\/\/itconcepts.ch\/fr\/plattformen\/evolveum\/#local-main-organization-logo","url":"","contentUrl":"","caption":"IT Concepts"}]}},"_links":{"self":[{"href":"https:\/\/itconcepts.ch\/fr\/wp-json\/wp\/v2\/pages\/2725","targetHints":{"allow":["GET"]}}],"collection":[{"href":"https:\/\/itconcepts.ch\/fr\/wp-json\/wp\/v2\/pages"}],"about":[{"href":"https:\/\/itconcepts.ch\/fr\/wp-json\/wp\/v2\/types\/page"}],"author":[{"embeddable":true,"href":"https:\/\/itconcepts.ch\/fr\/wp-json\/wp\/v2\/users\/11"}],"replies":[{"embeddable":true,"href":"https:\/\/itconcepts.ch\/fr\/wp-json\/wp\/v2\/comments?post=2725"}],"version-history":[{"count":1,"href":"https:\/\/itconcepts.ch\/fr\/wp-json\/wp\/v2\/pages\/2725\/revisions"}],"predecessor-version":[{"id":5827,"href":"https:\/\/itconcepts.ch\/fr\/wp-json\/wp\/v2\/pages\/2725\/revisions\/5827"}],"up":[{"embeddable":true,"href":"https:\/\/itconcepts.ch\/fr\/wp-json\/wp\/v2\/pages\/2624"}],"wp:featuredmedia":[{"embeddable":true,"href":"https:\/\/itconcepts.ch\/fr\/wp-json\/wp\/v2\/media\/22"}],"wp:attachment":[{"href":"https:\/\/itconcepts.ch\/fr\/wp-json\/wp\/v2\/media?parent=2725"}],"curies":[{"name":"wp","href":"https:\/\/api.w.org\/{rel}","templated":true}]}}