{"id":2756,"date":"2024-09-16T17:05:58","date_gmt":"2024-09-16T15:05:58","guid":{"rendered":"https:\/\/dev.itconcepts.berta-bewegt.ch\/helix-cmdb\/"},"modified":"2025-03-10T06:11:40","modified_gmt":"2025-03-10T05:11:40","slug":"helix-cmdb","status":"publish","type":"page","link":"https:\/\/itconcepts.ch\/fr\/plattformen\/bmc-software\/helix-cmdb\/","title":{"rendered":"Helix CMDB"},"content":{"rendered":"\n    <section class=\"page-block-block block-with-grey-bg\" id=\"\">\n        <div class=\"cols-block  cols-block-smaller-img-width\">\n            <div class=\"col-l\">\n                <div class=\"title-block title-block-untertitel-desk\">\n                        <p class=\"subtitle\">Qu&rsquo;est-ce que la CMDB ?<\/p>\n\n    <h2 class=\"like-h1\">Votre source de r\u00e9f\u00e9rence centrale pour vos actifs et services<\/h2>\n\n    <div class=\"text-block-simple\"><p>La base de donn\u00e9es de gestion de la configuration (CMDB) BMC Helix offre une source de donn\u00e9es centralis\u00e9e et actualis\u00e9e pour tous les actifs et services. Les mises \u00e0 jour automatiques via BMC Helix Discovery fournissent des informations pr\u00e9cises, tandis que la visualisation graphique permet de comprendre les relations et les d\u00e9pendances entre les composants informatiques.<\/p>\n<p>La plateforme pilot\u00e9e par des indicateurs cl\u00e9s de performance (KPI) optimise les processus de configuration, minimise les risques li\u00e9s aux changements et permet de prendre des d\u00e9cisions \u00e9clair\u00e9es. Gr\u00e2ce \u00e0 des fonctions de recherche performantes et \u00e0 une int\u00e9gration transparente, la BMC Helix CMDB favorise efficacement la transformation num\u00e9rique.<\/p>\n<\/div>\n                <\/div>\n\n                                    <div class=\"links-wrapper\">\n                                                                                    <a href=\"http:\/\/itconcepts.ch\/about-us\/\" class=\"primary-button-border open-contact-overlay\" target=\"_blank\" data-source=\"https:\/\/itconcepts.ch\/fr\/plattformen\/bmc-software\/helix-cmdb\/\" data-sourcetitle=\"Votre source de r\u00e9f\u00e9rence centrale pour vos actifs et services\">Contactez-nous d\u00e8s maintenant<\/a>\n                                                                        <\/div>\n                            <\/div>\n\n            <div class=\"col-r\">\n                <div class=\"title-block title-block-untertitel-mob\">\n                        <p class=\"subtitle\">Qu&rsquo;est-ce que la CMDB ?<\/p>\n\n\n                <\/div>\n\n                                    <img decoding=\"async\" src=\"https:\/\/itconcepts.ch\/wp-content\/uploads\/2025\/01\/bmc__partnerbadge_saleselitepartner_darkbg-768x768-c-default.png\" class=\"smaller-img-width\" alt=\"Votre source de r\u00e9f\u00e9rence centrale pour vos actifs et services\" \/>\n                            <\/div>\n        <\/div>\n    <\/section>\n\n\n\n\n    <section class=\"text-cards-4-cols-block with-grey-bg\" id=\"\">\n                    <img decoding=\"async\" src=\"https:\/\/itconcepts.ch\/wp-content\/themes\/it_concepts\/assets\/images\/red_bg_lines_left.svg\" class=\"block-lines-left block-lines-left-grey-version\" alt=\"Block Lines\" \/>\n            <img decoding=\"async\" src=\"https:\/\/itconcepts.ch\/wp-content\/themes\/it_concepts\/assets\/images\/red_bg_lines_right.svg\" class=\"block-lines-right block-lines-left-grey-version\" alt=\"Block Lines\" \/>\n        \n        <div class=\"title-block title-block-narrow\">\n                <p class=\"subtitle\">Avantages<\/p>\n\n    <h2 class=\"like-h1\">Efficacit\u00e9 et transparence avec BMC CMDB<\/h2>\n\n        <\/div>\n\n                    <div class=\"text-cards-cols \">\n                                    <div class=\"text-card\">\n                        <div class=\"text-card-inner-container text-card-inner-container-grey\">\n                            \n                                                            <h3 class=\"big mb_0 text-center\">Source centrale de donn\u00e9es<\/h3>\n                                <div class=\"title-divider\"><\/div>\n                            \n                                                            <p class=\"small mb_0 text-center\">Vue d&rsquo;ensemble coh\u00e9rente de tous les actifs et services.\r\n<\/p>\n                            \n                                                    <\/div>\n                    <\/div>\n                                    <div class=\"text-card\">\n                        <div class=\"text-card-inner-container text-card-inner-container-grey\">\n                            \n                                                            <h3 class=\"big mb_0 text-center\">Actualisation automatique des donn\u00e9es<\/h3>\n                                <div class=\"title-divider\"><\/div>\n                            \n                                                            <p class=\"small mb_0 text-center\">Des donn\u00e9es pr\u00e9cises gr\u00e2ce aux mises \u00e0 jour automatiques avec Helix Discovery.\r\n<\/p>\n                            \n                                                    <\/div>\n                    <\/div>\n                                    <div class=\"text-card\">\n                        <div class=\"text-card-inner-container text-card-inner-container-grey\">\n                            \n                                                            <h3 class=\"big mb_0 text-center\">Visualisation graphique<\/h3>\n                                <div class=\"title-divider\"><\/div>\n                            \n                                                            <p class=\"small mb_0 text-center\">Pr\u00e9sentation claire des relations et des d\u00e9pendances.\r\n<\/p>\n                            \n                                                    <\/div>\n                    <\/div>\n                                    <div class=\"text-card\">\n                        <div class=\"text-card-inner-container text-card-inner-container-grey\">\n                            \n                                                            <h3 class=\"big mb_0 text-center\">Minimisation des risques<\/h3>\n                                <div class=\"title-divider\"><\/div>\n                            \n                                                            <p class=\"small mb_0 text-center\">Identifie les cons\u00e9quences des changements et \u00e9vite les conflits.\r\n<\/p>\n                            \n                                                    <\/div>\n                    <\/div>\n                            <\/div>\n\n            <div class=\"text-cards-slider \">\n                                    <div class=\"text-card\">\n                        <div class=\"text-card-inner-container text-card-inner-container-grey\">\n                            \n                                                            <h3 class=\"big mb_0 text-center\">Source centrale de donn\u00e9es<\/h3>\n                                <div class=\"title-divider\"><\/div>\n                            \n                                                            <p class=\"small mb_0 text-center\">Vue d&rsquo;ensemble coh\u00e9rente de tous les actifs et services.\r\n<\/p>\n                            \n                                                    <\/div>\n                    <\/div>\n                                    <div class=\"text-card\">\n                        <div class=\"text-card-inner-container text-card-inner-container-grey\">\n                            \n                                                            <h3 class=\"big mb_0 text-center\">Actualisation automatique des donn\u00e9es<\/h3>\n                                <div class=\"title-divider\"><\/div>\n                            \n                                                            <p class=\"small mb_0 text-center\">Des donn\u00e9es pr\u00e9cises gr\u00e2ce aux mises \u00e0 jour automatiques avec Helix Discovery.\r\n<\/p>\n                            \n                                                    <\/div>\n                    <\/div>\n                                    <div class=\"text-card\">\n                        <div class=\"text-card-inner-container text-card-inner-container-grey\">\n                            \n                                                            <h3 class=\"big mb_0 text-center\">Visualisation graphique<\/h3>\n                                <div class=\"title-divider\"><\/div>\n                            \n                                                            <p class=\"small mb_0 text-center\">Pr\u00e9sentation claire des relations et des d\u00e9pendances.\r\n<\/p>\n                            \n                                                    <\/div>\n                    <\/div>\n                                    <div class=\"text-card\">\n                        <div class=\"text-card-inner-container text-card-inner-container-grey\">\n                            \n                                                            <h3 class=\"big mb_0 text-center\">Minimisation des risques<\/h3>\n                                <div class=\"title-divider\"><\/div>\n                            \n                                                            <p class=\"small mb_0 text-center\">Identifie les cons\u00e9quences des changements et \u00e9vite les conflits.\r\n<\/p>\n                            \n                                                    <\/div>\n                    <\/div>\n                            <\/div>\n            <\/section>\n\n\n\n\n\n            <section class=\"logos-slider-block  block-with-top-bottom-margins\" id=\"\">\n            <div class=\"title-block text-center\">\n                    <p class=\"subtitle\">Nos clients<\/p>\n\n\n            <\/div>\n\n            <div class=\"logos-slider\">\n                                    <div class=\"logos-slide\">\n                        <div class=\"logos-slide-inner-container\">\n                                                            <div class=\"logo\" style=\"background-image: url('https:\/\/itconcepts.ch\/wp-content\/uploads\/2024\/07\/kunde_03.png')\"><\/div>\n                                                    <\/div>\n                    <\/div>\n                                    <div class=\"logos-slide\">\n                        <div class=\"logos-slide-inner-container\">\n                                                            <div class=\"logo\" style=\"background-image: url('https:\/\/itconcepts.ch\/wp-content\/uploads\/2025\/03\/Helsana-logo-transparent.png')\"><\/div>\n                                                    <\/div>\n                    <\/div>\n                                    <div class=\"logos-slide\">\n                        <div class=\"logos-slide-inner-container\">\n                                                            <div class=\"logo\" style=\"background-image: url('https:\/\/itconcepts.ch\/wp-content\/uploads\/2025\/03\/SIX-Group-transparent.png')\"><\/div>\n                                                    <\/div>\n                    <\/div>\n                                    <div class=\"logos-slide\">\n                        <div class=\"logos-slide-inner-container\">\n                                                            <div class=\"logo\" style=\"background-image: url('https:\/\/itconcepts.ch\/wp-content\/uploads\/2025\/03\/zfv_logo_de_100mm_sw_ohne-gastronomiegruppe.png')\"><\/div>\n                                                    <\/div>\n                    <\/div>\n                                    <div class=\"logos-slide\">\n                        <div class=\"logos-slide-inner-container\">\n                                                            <div class=\"logo\" style=\"background-image: url('https:\/\/itconcepts.ch\/wp-content\/uploads\/2025\/03\/download-4-325x108-1.png')\"><\/div>\n                                                    <\/div>\n                    <\/div>\n                                    <div class=\"logos-slide\">\n                        <div class=\"logos-slide-inner-container\">\n                                                            <div class=\"logo\" style=\"background-image: url('https:\/\/itconcepts.ch\/wp-content\/uploads\/2025\/03\/g_g_las-logo-homepage2.png')\"><\/div>\n                                                    <\/div>\n                    <\/div>\n                                    <div class=\"logos-slide\">\n                        <div class=\"logos-slide-inner-container\">\n                                                            <div class=\"logo\" style=\"background-image: url('https:\/\/itconcepts.ch\/wp-content\/uploads\/2025\/03\/WWZ-Logo-2020_Emobilzug_blau.png')\"><\/div>\n                                                    <\/div>\n                    <\/div>\n                                    <div class=\"logos-slide\">\n                        <div class=\"logos-slide-inner-container\">\n                                                            <div class=\"logo\" style=\"background-image: url('https:\/\/itconcepts.ch\/wp-content\/uploads\/2025\/03\/Copy-of-logo1-scaled.jpg')\"><\/div>\n                                                    <\/div>\n                    <\/div>\n                                    <div class=\"logos-slide\">\n                        <div class=\"logos-slide-inner-container\">\n                                                            <div class=\"logo\" style=\"background-image: url('https:\/\/itconcepts.ch\/wp-content\/uploads\/2025\/03\/MeteoSwiss_color_logo.png')\"><\/div>\n                                                    <\/div>\n                    <\/div>\n                            <\/div>\n        <\/section>\n    \n\n\n\n\n            <section class=\"download-block block-with-grey-bg\" id=\"\">\n            <div class=\"download-block-inner-container\">\n                <div class=\"title-block text-center\">\n                    \n    <h2 class=\"like-h1\">T\u00e9l\u00e9charger<\/h2>\n\n                <\/div>\n\n                <div class=\"downloads-cards\">\n                    \n<div class=\"download-card\">\n    <div class=\"download-card-inner-container\">\n        <div class=\"download-card-image\" style=\"background-image: url('');\">\n            <img decoding=\"async\" src=\"https:\/\/itconcepts.ch\/wp-content\/themes\/it_concepts\/assets\/images\/download_template.png\" width=\"330px\" height=\"400px\" alt=\"Download template\" \/>\n        <\/div>\n\n        <div class=\"download-card-content\">\n            <h2 class=\"mb_0\"><\/h2>\n            <div class=\"download-card-title-divider\"><\/div>\n\n                    <\/div>\n    <\/div>\n<\/div>\n                <\/div>\n\n                                    <div class=\"link-wrapper\">\n                        <a href=\"http:\/\/itconcepts.ch\/unterlagen-fuer-profis\/#download\" class=\"blue-dark-button-bg\">Vers la page de t\u00e9l\u00e9chargement<\/a>\n                    <\/div>\n                            <\/div>\n        <\/section>\n    \n\n\n\n\n            <section class=\"text-in-blue-bg-block\" id=\"\">\n\n            <img decoding=\"async\" src=\"https:\/\/itconcepts.ch\/wp-content\/themes\/it_concepts\/assets\/images\/blue_bg_lines_left.svg\" class=\"block-lines-left\" alt=\"Block Lines\" \/>\n            <img decoding=\"async\" src=\"https:\/\/itconcepts.ch\/wp-content\/themes\/it_concepts\/assets\/images\/blue_bg_lines_right.svg\" class=\"block-lines-right\" alt=\"Block Lines\" \/>\n\n            <div class=\"text-in-blue-bg-block-content-wrapper\">\n                                    <h2 class=\"big text-white mb_0\">ITConcepts \u2013 Votre fournisseur leader de solutions logicielles BMC en Suisse<\/h2>\n                    <div class=\"title-divider\"><\/div>\n                \n                \n                \n                                    <div class=\"link-wrapper\">\n                        <a href=\"http:\/\/google.com\" class=\"primary-button-bg \"  data-source=\"\" data-sourcetitle=\"\">Demander conseil maintenant<\/a>\n                    <\/div>\n                \n                            <\/div>\n        <\/section>\n    \n","protected":false},"excerpt":{"rendered":"","protected":false},"author":11,"featured_media":22,"parent":4716,"menu_order":5,"comment_status":"closed","ping_status":"closed","template":"","meta":{"_acf_changed":false,"inline_featured_image":false,"footnotes":""},"class_list":["post-2756","page","type-page","status-publish","has-post-thumbnail","hentry"],"acf":[],"yoast_head":"<!-- This site is optimized with the Yoast SEO Premium plugin v27.0 (Yoast SEO v27.0) - https:\/\/yoast.com\/product\/yoast-seo-premium-wordpress\/ -->\n<title>Helix CMDB - IT Concepts<\/title>\n<meta name=\"robots\" content=\"index, follow, max-snippet:-1, max-image-preview:large, max-video-preview:-1\" \/>\n<link rel=\"canonical\" href=\"https:\/\/itconcepts.ch\/fr\/plattformen\/bmc-software\/helix-cmdb\/\" \/>\n<meta property=\"og:locale\" content=\"fr_FR\" \/>\n<meta property=\"og:type\" content=\"article\" \/>\n<meta property=\"og:title\" content=\"Helix CMDB\" \/>\n<meta property=\"og:url\" content=\"https:\/\/itconcepts.ch\/fr\/plattformen\/bmc-software\/helix-cmdb\/\" \/>\n<meta property=\"og:site_name\" content=\"IT Concepts\" \/>\n<meta property=\"article:modified_time\" content=\"2025-03-10T05:11:40+00:00\" \/>\n<meta property=\"og:image\" content=\"https:\/\/itconcepts.ch\/wp-content\/uploads\/2024\/07\/AdobeStock_163119186_Preview.png\" \/>\n\t<meta property=\"og:image:width\" content=\"1920\" \/>\n\t<meta property=\"og:image:height\" content=\"1083\" \/>\n\t<meta property=\"og:image:type\" content=\"image\/png\" \/>\n<meta name=\"twitter:card\" content=\"summary_large_image\" \/>\n<meta name=\"twitter:label1\" content=\"Est. reading time\" \/>\n\t<meta name=\"twitter:data1\" content=\"1 minute\" \/>\n<script type=\"application\/ld+json\" class=\"yoast-schema-graph\">{\"@context\":\"https:\/\/schema.org\",\"@graph\":[{\"@type\":\"WebPage\",\"@id\":\"https:\/\/itconcepts.ch\/fr\/plattformen\/bmc-software\/helix-cmdb\/\",\"url\":\"https:\/\/itconcepts.ch\/fr\/plattformen\/bmc-software\/helix-cmdb\/\",\"name\":\"Helix CMDB - IT Concepts\",\"isPartOf\":{\"@id\":\"https:\/\/itconcepts.ch\/#website\"},\"primaryImageOfPage\":{\"@id\":\"https:\/\/itconcepts.ch\/fr\/plattformen\/bmc-software\/helix-cmdb\/#primaryimage\"},\"image\":{\"@id\":\"https:\/\/itconcepts.ch\/fr\/plattformen\/bmc-software\/helix-cmdb\/#primaryimage\"},\"thumbnailUrl\":\"https:\/\/itconcepts.ch\/wp-content\/uploads\/2024\/07\/AdobeStock_163119186_Preview.png\",\"datePublished\":\"2024-09-16T15:05:58+00:00\",\"dateModified\":\"2025-03-10T05:11:40+00:00\",\"breadcrumb\":{\"@id\":\"https:\/\/itconcepts.ch\/fr\/plattformen\/bmc-software\/helix-cmdb\/#breadcrumb\"},\"inLanguage\":\"fr-FR\",\"potentialAction\":[{\"@type\":\"ReadAction\",\"target\":[\"https:\/\/itconcepts.ch\/fr\/plattformen\/bmc-software\/helix-cmdb\/\"]}]},{\"@type\":\"ImageObject\",\"inLanguage\":\"fr-FR\",\"@id\":\"https:\/\/itconcepts.ch\/fr\/plattformen\/bmc-software\/helix-cmdb\/#primaryimage\",\"url\":\"https:\/\/itconcepts.ch\/wp-content\/uploads\/2024\/07\/AdobeStock_163119186_Preview.png\",\"contentUrl\":\"https:\/\/itconcepts.ch\/wp-content\/uploads\/2024\/07\/AdobeStock_163119186_Preview.png\",\"width\":1920,\"height\":1083},{\"@type\":\"BreadcrumbList\",\"@id\":\"https:\/\/itconcepts.ch\/fr\/plattformen\/bmc-software\/helix-cmdb\/#breadcrumb\",\"itemListElement\":[{\"@type\":\"ListItem\",\"position\":1,\"name\":\"Home\",\"item\":\"https:\/\/itconcepts.ch\/fr\/\"},{\"@type\":\"ListItem\",\"position\":2,\"name\":\"Plateformes\",\"item\":\"https:\/\/itconcepts.ch\/fr\/plattformen\/\"},{\"@type\":\"ListItem\",\"position\":3,\"name\":\"BMC Software\",\"item\":\"https:\/\/itconcepts.ch\/fr\/plattformen\/bmc-software\/\"},{\"@type\":\"ListItem\",\"position\":4,\"name\":\"Helix CMDB\"}]},{\"@type\":\"WebSite\",\"@id\":\"https:\/\/itconcepts.ch\/#website\",\"url\":\"https:\/\/itconcepts.ch\/\",\"name\":\"IT Concepts\",\"description\":\"\",\"potentialAction\":[{\"@type\":\"SearchAction\",\"target\":{\"@type\":\"EntryPoint\",\"urlTemplate\":\"https:\/\/itconcepts.ch\/?s={search_term_string}\"},\"query-input\":{\"@type\":\"PropertyValueSpecification\",\"valueRequired\":true,\"valueName\":\"search_term_string\"}}],\"inLanguage\":\"fr-FR\"},{\"@type\":\"ImageObject\",\"inLanguage\":\"fr-FR\",\"@id\":\"https:\/\/itconcepts.ch\/fr\/plattformen\/bmc-software\/helix-cmdb\/#local-main-organization-logo\",\"url\":\"\",\"contentUrl\":\"\",\"caption\":\"IT Concepts\"}]}<\/script>\n<!-- \/ Yoast SEO Premium plugin. -->","yoast_head_json":{"title":"Helix CMDB - IT Concepts","robots":{"index":"index","follow":"follow","max-snippet":"max-snippet:-1","max-image-preview":"max-image-preview:large","max-video-preview":"max-video-preview:-1"},"canonical":"https:\/\/itconcepts.ch\/fr\/plattformen\/bmc-software\/helix-cmdb\/","og_locale":"fr_FR","og_type":"article","og_title":"Helix CMDB","og_url":"https:\/\/itconcepts.ch\/fr\/plattformen\/bmc-software\/helix-cmdb\/","og_site_name":"IT Concepts","article_modified_time":"2025-03-10T05:11:40+00:00","og_image":[{"width":1920,"height":1083,"url":"https:\/\/itconcepts.ch\/wp-content\/uploads\/2024\/07\/AdobeStock_163119186_Preview.png","type":"image\/png"}],"twitter_card":"summary_large_image","twitter_misc":{"Est. reading time":"1 minute"},"schema":{"@context":"https:\/\/schema.org","@graph":[{"@type":"WebPage","@id":"https:\/\/itconcepts.ch\/fr\/plattformen\/bmc-software\/helix-cmdb\/","url":"https:\/\/itconcepts.ch\/fr\/plattformen\/bmc-software\/helix-cmdb\/","name":"Helix CMDB - IT Concepts","isPartOf":{"@id":"https:\/\/itconcepts.ch\/#website"},"primaryImageOfPage":{"@id":"https:\/\/itconcepts.ch\/fr\/plattformen\/bmc-software\/helix-cmdb\/#primaryimage"},"image":{"@id":"https:\/\/itconcepts.ch\/fr\/plattformen\/bmc-software\/helix-cmdb\/#primaryimage"},"thumbnailUrl":"https:\/\/itconcepts.ch\/wp-content\/uploads\/2024\/07\/AdobeStock_163119186_Preview.png","datePublished":"2024-09-16T15:05:58+00:00","dateModified":"2025-03-10T05:11:40+00:00","breadcrumb":{"@id":"https:\/\/itconcepts.ch\/fr\/plattformen\/bmc-software\/helix-cmdb\/#breadcrumb"},"inLanguage":"fr-FR","potentialAction":[{"@type":"ReadAction","target":["https:\/\/itconcepts.ch\/fr\/plattformen\/bmc-software\/helix-cmdb\/"]}]},{"@type":"ImageObject","inLanguage":"fr-FR","@id":"https:\/\/itconcepts.ch\/fr\/plattformen\/bmc-software\/helix-cmdb\/#primaryimage","url":"https:\/\/itconcepts.ch\/wp-content\/uploads\/2024\/07\/AdobeStock_163119186_Preview.png","contentUrl":"https:\/\/itconcepts.ch\/wp-content\/uploads\/2024\/07\/AdobeStock_163119186_Preview.png","width":1920,"height":1083},{"@type":"BreadcrumbList","@id":"https:\/\/itconcepts.ch\/fr\/plattformen\/bmc-software\/helix-cmdb\/#breadcrumb","itemListElement":[{"@type":"ListItem","position":1,"name":"Home","item":"https:\/\/itconcepts.ch\/fr\/"},{"@type":"ListItem","position":2,"name":"Plateformes","item":"https:\/\/itconcepts.ch\/fr\/plattformen\/"},{"@type":"ListItem","position":3,"name":"BMC Software","item":"https:\/\/itconcepts.ch\/fr\/plattformen\/bmc-software\/"},{"@type":"ListItem","position":4,"name":"Helix CMDB"}]},{"@type":"WebSite","@id":"https:\/\/itconcepts.ch\/#website","url":"https:\/\/itconcepts.ch\/","name":"IT Concepts","description":"","potentialAction":[{"@type":"SearchAction","target":{"@type":"EntryPoint","urlTemplate":"https:\/\/itconcepts.ch\/?s={search_term_string}"},"query-input":{"@type":"PropertyValueSpecification","valueRequired":true,"valueName":"search_term_string"}}],"inLanguage":"fr-FR"},{"@type":"ImageObject","inLanguage":"fr-FR","@id":"https:\/\/itconcepts.ch\/fr\/plattformen\/bmc-software\/helix-cmdb\/#local-main-organization-logo","url":"","contentUrl":"","caption":"IT Concepts"}]}},"_links":{"self":[{"href":"https:\/\/itconcepts.ch\/fr\/wp-json\/wp\/v2\/pages\/2756","targetHints":{"allow":["GET"]}}],"collection":[{"href":"https:\/\/itconcepts.ch\/fr\/wp-json\/wp\/v2\/pages"}],"about":[{"href":"https:\/\/itconcepts.ch\/fr\/wp-json\/wp\/v2\/types\/page"}],"author":[{"embeddable":true,"href":"https:\/\/itconcepts.ch\/fr\/wp-json\/wp\/v2\/users\/11"}],"replies":[{"embeddable":true,"href":"https:\/\/itconcepts.ch\/fr\/wp-json\/wp\/v2\/comments?post=2756"}],"version-history":[{"count":0,"href":"https:\/\/itconcepts.ch\/fr\/wp-json\/wp\/v2\/pages\/2756\/revisions"}],"up":[{"embeddable":true,"href":"https:\/\/itconcepts.ch\/fr\/wp-json\/wp\/v2\/pages\/4716"}],"wp:featuredmedia":[{"embeddable":true,"href":"https:\/\/itconcepts.ch\/fr\/wp-json\/wp\/v2\/media\/22"}],"wp:attachment":[{"href":"https:\/\/itconcepts.ch\/fr\/wp-json\/wp\/v2\/media?parent=2756"}],"curies":[{"name":"wp","href":"https:\/\/api.w.org\/{rel}","templated":true}]}}