{"id":2762,"date":"2025-02-05T19:10:58","date_gmt":"2025-02-05T18:10:58","guid":{"rendered":"https:\/\/dev.itconcepts.berta-bewegt.ch\/digital-workplace\/"},"modified":"2025-03-10T06:22:12","modified_gmt":"2025-03-10T05:22:12","slug":"digital-workplace","status":"publish","type":"page","link":"https:\/\/itconcepts.ch\/fr\/plattformen\/bmc-software\/digital-workplace\/","title":{"rendered":"Digital Workplace"},"content":{"rendered":"\n    <section class=\"page-block-block block-with-grey-bg\" id=\"\">\n        <div class=\"cols-block  cols-block-smaller-img-width\">\n            <div class=\"col-l\">\n                <div class=\"title-block title-block-untertitel-desk\">\n                        <p class=\"subtitle\">Qu&rsquo;est-ce que le Digital Workplace?<\/p>\n\n    <h2 class=\"like-h1\">Des exp\u00e9riences de gestion des services personnalis\u00e9es et attrayantes<\/h2>\n\n    <div class=\"text-block-simple\"><p>Avec BMC Helix Digital Workplace, vos collaborateurs ont acc\u00e8s en un seul clic \u00e0 tous les services et articles de connaissances n\u00e9cessaires pour faciliter leur travail quotidien. Les probl\u00e8mes techniques peuvent \u00eatre r\u00e9solus facilement et de n&rsquo;importe o\u00f9, ce qui am\u00e9liore consid\u00e9rablement la convivialit\u00e9. Gr\u00e2ce aux fonctions intuitives en libre-service, non seulement vos collaborateurs, mais aussi vos clients b\u00e9n\u00e9ficient d&rsquo;une exp\u00e9rience utilisateur exceptionnelle.<\/p>\n<\/div>\n                <\/div>\n\n                            <\/div>\n\n            <div class=\"col-r\">\n                <div class=\"title-block title-block-untertitel-mob\">\n                        <p class=\"subtitle\">Qu&rsquo;est-ce que le Digital Workplace?<\/p>\n\n\n                <\/div>\n\n                                    <div class=\"video-wrapper\">\n                        <iframe src=\"https:\/\/www.youtube.com\/embed\/0p5CG-HWAL4\"\" allow=\"accelerometer; autoplay; clipboard-write; encrypted-media; gyroscope; picture-in-picture; web-share\" referrerpolicy=\"strict-origin-when-cross-origin\" allowfullscreen><\/iframe>\n                    <\/div>\n                            <\/div>\n        <\/div>\n    <\/section>\n\n\n\n\n    <section class=\"text-cards-4-cols-block with-grey-bg\" id=\"\">\n                    <img decoding=\"async\" src=\"https:\/\/itconcepts.ch\/wp-content\/themes\/it_concepts\/assets\/images\/red_bg_lines_left.svg\" class=\"block-lines-left block-lines-left-grey-version\" alt=\"Block Lines\" \/>\n            <img decoding=\"async\" src=\"https:\/\/itconcepts.ch\/wp-content\/themes\/it_concepts\/assets\/images\/red_bg_lines_right.svg\" class=\"block-lines-right block-lines-left-grey-version\" alt=\"Block Lines\" \/>\n        \n        <div class=\"title-block title-block-narrow\">\n                <p class=\"subtitle\">Avantages<\/p>\n\n    <h2 class=\"like-h1\">Des services informatiques intelligents pour une exp\u00e9rience collaborateur sans faille<\/h2>\n\n        <\/div>\n\n                    <div class=\"text-cards-cols \">\n                                    <div class=\"text-card\">\n                        <div class=\"text-card-inner-container text-card-inner-container-grey\">\n                            \n                                                            <h3 class=\"big mb_0 text-center\">Parcours utilisateurs personnalis\u00e9s<\/h3>\n                                <div class=\"title-divider\"><\/div>\n                            \n                                                            <p class=\"small mb_0 text-center\">Des exp\u00e9riences individuelles gr\u00e2ce \u00e0 des tableaux de bord, des contenus et des flux de travail adapt\u00e9s pour plus d&rsquo;efficacit\u00e9.<\/p>\n                            \n                                                    <\/div>\n                    <\/div>\n                                    <div class=\"text-card\">\n                        <div class=\"text-card-inner-container text-card-inner-container-grey\">\n                            \n                                                            <h3 class=\"big mb_0 text-center\">Une meilleure coop\u00e9ration<\/h3>\n                                <div class=\"title-divider\"><\/div>\n                            \n                                                            <p class=\"small mb_0 text-center\">Une communication et une collaboration sans faille pour des r\u00e9sultats plus rapides et de meilleure qualit\u00e9.<\/p>\n                            \n                                                    <\/div>\n                    <\/div>\n                                    <div class=\"text-card\">\n                        <div class=\"text-card-inner-container text-card-inner-container-grey\">\n                            \n                                                            <h3 class=\"big mb_0 text-center\">Exp\u00e9riences multicanal<\/h3>\n                                <div class=\"title-divider\"><\/div>\n                            \n                                                            <p class=\"small mb_0 text-center\">Acc\u00e8s flexible aux services via un ordinateur de bureau, des appareils mobiles ou des plateformes cloud.<\/p>\n                            \n                                                    <\/div>\n                    <\/div>\n                                    <div class=\"text-card\">\n                        <div class=\"text-card-inner-container text-card-inner-container-grey\">\n                            \n                                                            <h3 class=\"big mb_0 text-center\">Automatisation intelligente<\/h3>\n                                <div class=\"title-divider\"><\/div>\n                            \n                                                            <p class=\"small mb_0 text-center\">Les processus automatis\u00e9s permettent de gagner du temps, de minimiser les erreurs et d&rsquo;augmenter l&rsquo;efficacit\u00e9.\r\n<\/p>\n                            \n                                                    <\/div>\n                    <\/div>\n                            <\/div>\n\n            <div class=\"text-cards-slider \">\n                                    <div class=\"text-card\">\n                        <div class=\"text-card-inner-container text-card-inner-container-grey\">\n                            \n                                                            <h3 class=\"big mb_0 text-center\">Parcours utilisateurs personnalis\u00e9s<\/h3>\n                                <div class=\"title-divider\"><\/div>\n                            \n                                                            <p class=\"small mb_0 text-center\">Des exp\u00e9riences individuelles gr\u00e2ce \u00e0 des tableaux de bord, des contenus et des flux de travail adapt\u00e9s pour plus d&rsquo;efficacit\u00e9.<\/p>\n                            \n                                                    <\/div>\n                    <\/div>\n                                    <div class=\"text-card\">\n                        <div class=\"text-card-inner-container text-card-inner-container-grey\">\n                            \n                                                            <h3 class=\"big mb_0 text-center\">Une meilleure coop\u00e9ration<\/h3>\n                                <div class=\"title-divider\"><\/div>\n                            \n                                                            <p class=\"small mb_0 text-center\">Une communication et une collaboration sans faille pour des r\u00e9sultats plus rapides et de meilleure qualit\u00e9.<\/p>\n                            \n                                                    <\/div>\n                    <\/div>\n                                    <div class=\"text-card\">\n                        <div class=\"text-card-inner-container text-card-inner-container-grey\">\n                            \n                                                            <h3 class=\"big mb_0 text-center\">Exp\u00e9riences multicanal<\/h3>\n                                <div class=\"title-divider\"><\/div>\n                            \n                                                            <p class=\"small mb_0 text-center\">Acc\u00e8s flexible aux services via un ordinateur de bureau, des appareils mobiles ou des plateformes cloud.<\/p>\n                            \n                                                    <\/div>\n                    <\/div>\n                                    <div class=\"text-card\">\n                        <div class=\"text-card-inner-container text-card-inner-container-grey\">\n                            \n                                                            <h3 class=\"big mb_0 text-center\">Automatisation intelligente<\/h3>\n                                <div class=\"title-divider\"><\/div>\n                            \n                                                            <p class=\"small mb_0 text-center\">Les processus automatis\u00e9s permettent de gagner du temps, de minimiser les erreurs et d&rsquo;augmenter l&rsquo;efficacit\u00e9.\r\n<\/p>\n                            \n                                                    <\/div>\n                    <\/div>\n                            <\/div>\n            <\/section>\n\n\n\n\n\n            <section class=\"logos-slider-block  block-with-top-bottom-margins\" id=\"\">\n            <div class=\"title-block text-center\">\n                    <p class=\"subtitle\">Nos Clients<\/p>\n\n\n            <\/div>\n\n            <div class=\"logos-slider\">\n                                    <div class=\"logos-slide\">\n                        <div class=\"logos-slide-inner-container\">\n                                                            <div class=\"logo\" style=\"background-image: url('https:\/\/itconcepts.ch\/wp-content\/uploads\/2024\/07\/kunde_03.png')\"><\/div>\n                                                    <\/div>\n                    <\/div>\n                                    <div class=\"logos-slide\">\n                        <div class=\"logos-slide-inner-container\">\n                                                            <div class=\"logo\" style=\"background-image: url('https:\/\/itconcepts.ch\/wp-content\/uploads\/2025\/03\/Helsana-logo-transparent.png')\"><\/div>\n                                                    <\/div>\n                    <\/div>\n                                    <div class=\"logos-slide\">\n                        <div class=\"logos-slide-inner-container\">\n                                                            <div class=\"logo\" style=\"background-image: url('https:\/\/itconcepts.ch\/wp-content\/uploads\/2025\/03\/SIX-Group-transparent.png')\"><\/div>\n                                                    <\/div>\n                    <\/div>\n                                    <div class=\"logos-slide\">\n                        <div class=\"logos-slide-inner-container\">\n                                                            <div class=\"logo\" style=\"background-image: url('https:\/\/itconcepts.ch\/wp-content\/uploads\/2025\/03\/zfv_logo_de_100mm_sw_ohne-gastronomiegruppe.png')\"><\/div>\n                                                    <\/div>\n                    <\/div>\n                                    <div class=\"logos-slide\">\n                        <div class=\"logos-slide-inner-container\">\n                                                            <div class=\"logo\" style=\"background-image: url('https:\/\/itconcepts.ch\/wp-content\/uploads\/2025\/03\/download-4-325x108-1.png')\"><\/div>\n                                                    <\/div>\n                    <\/div>\n                                    <div class=\"logos-slide\">\n                        <div class=\"logos-slide-inner-container\">\n                                                            <div class=\"logo\" style=\"background-image: url('https:\/\/itconcepts.ch\/wp-content\/uploads\/2025\/03\/g_g_las-logo-homepage2.png')\"><\/div>\n                                                    <\/div>\n                    <\/div>\n                                    <div class=\"logos-slide\">\n                        <div class=\"logos-slide-inner-container\">\n                                                            <div class=\"logo\" style=\"background-image: url('https:\/\/itconcepts.ch\/wp-content\/uploads\/2025\/03\/WWZ-Logo-2020_Emobilzug_blau.png')\"><\/div>\n                                                    <\/div>\n                    <\/div>\n                                    <div class=\"logos-slide\">\n                        <div class=\"logos-slide-inner-container\">\n                                                            <div class=\"logo\" style=\"background-image: url('https:\/\/itconcepts.ch\/wp-content\/uploads\/2025\/03\/Copy-of-logo1-scaled.jpg')\"><\/div>\n                                                    <\/div>\n                    <\/div>\n                                    <div class=\"logos-slide\">\n                        <div class=\"logos-slide-inner-container\">\n                                                            <div class=\"logo\" style=\"background-image: url('https:\/\/itconcepts.ch\/wp-content\/uploads\/2025\/03\/MeteoSwiss_color_logo.png')\"><\/div>\n                                                    <\/div>\n                    <\/div>\n                            <\/div>\n        <\/section>\n    \n\n\n\n\n            <section class=\"download-block block-with-grey-bg\" id=\"\">\n            <div class=\"download-block-inner-container\">\n                <div class=\"title-block text-center\">\n                    \n    <h2 class=\"like-h1\">T\u00e9l\u00e9chargements<\/h2>\n\n                <\/div>\n\n                <div class=\"downloads-cards\">\n                    \n<div class=\"download-card\">\n    <div class=\"download-card-inner-container\">\n        <div class=\"download-card-image\" style=\"background-image: url('https:\/\/itconcepts.ch\/wp-content\/uploads\/2025\/02\/Screenshot-From-2025-03-10-11-16-29.png');\">\n            <img decoding=\"async\" src=\"https:\/\/itconcepts.ch\/wp-content\/themes\/it_concepts\/assets\/images\/download_template.png\" width=\"330px\" height=\"400px\" alt=\"Download template\" \/>\n        <\/div>\n\n        <div class=\"download-card-content\">\n            <h2 class=\"mb_0\">BMC Helix Digital Workplace<\/h2>\n            <div class=\"download-card-title-divider\"><\/div>\n\n                            <div>\n                    <a href=\"#\" data-pdf=\"https:\/\/itconcepts.ch\/wp-content\/uploads\/2025\/02\/492224.pdf\" data-title=\"BMC Helix Digital Workplace\" data-image=\"https:\/\/itconcepts.ch\/wp-content\/uploads\/2025\/02\/Screenshot-From-2025-03-10-11-16-29.png\" class=\"button-download open-download-overlay\">\n                        T\u00e9l\u00e9charger le PDF                    <\/a>\n                <\/div>\n                    <\/div>\n    <\/div>\n<\/div>\n                <\/div>\n\n                                    <div class=\"link-wrapper\">\n                        <a href=\"http:\/\/itconcepts.ch\/unterlagen-fuer-profis\/#download\" class=\"blue-dark-button-bg\">Vers la page de t\u00e9l\u00e9chargement<\/a>\n                    <\/div>\n                            <\/div>\n        <\/section>\n    \n\n\n\n\n            <section class=\"text-in-blue-bg-block\" id=\"\">\n\n            <img decoding=\"async\" src=\"https:\/\/itconcepts.ch\/wp-content\/themes\/it_concepts\/assets\/images\/blue_bg_lines_left.svg\" class=\"block-lines-left\" alt=\"Block Lines\" \/>\n            <img decoding=\"async\" src=\"https:\/\/itconcepts.ch\/wp-content\/themes\/it_concepts\/assets\/images\/blue_bg_lines_right.svg\" class=\"block-lines-right\" alt=\"Block Lines\" \/>\n\n            <div class=\"text-in-blue-bg-block-content-wrapper\">\n                                    <h2 class=\"big text-white mb_0\">ITConcepts \u2013 Votre fournisseur leader de solutions logicielles BMC en Suisse<\/h2>\n                    <div class=\"title-divider\"><\/div>\n                \n                \n                \n                                    <div class=\"link-wrapper\">\n                        <a href=\"http:\/\/itconcepts.ch\/about-us\/\" class=\"primary-button-bg open-contact-overlay\"  data-source=\"https:\/\/itconcepts.ch\/fr\/plattformen\/bmc-software\/digital-workplace\/\" data-sourcetitle=\"ITConcepts \u2013 Votre fournisseur leader de solutions logicielles BMC en Suisse\">\u00c0 propos de nous<\/a>\n                    <\/div>\n                \n                            <\/div>\n        <\/section>\n    \n\n\n\n<p><\/p>\n","protected":false},"excerpt":{"rendered":"","protected":false},"author":11,"featured_media":22,"parent":4716,"menu_order":4,"comment_status":"closed","ping_status":"closed","template":"","meta":{"_acf_changed":false,"inline_featured_image":false,"footnotes":""},"class_list":["post-2762","page","type-page","status-publish","has-post-thumbnail","hentry"],"acf":[],"yoast_head":"<!-- This site is optimized with the Yoast SEO Premium plugin v27.4 (Yoast SEO v27.4) - https:\/\/yoast.com\/product\/yoast-seo-premium-wordpress\/ -->\n<title>Digital Workplace - IT Concepts<\/title>\n<meta name=\"robots\" content=\"index, follow, max-snippet:-1, max-image-preview:large, max-video-preview:-1\" \/>\n<link rel=\"canonical\" href=\"https:\/\/itconcepts.ch\/fr\/plattformen\/bmc-software\/digital-workplace\/\" \/>\n<meta property=\"og:locale\" content=\"fr_FR\" \/>\n<meta property=\"og:type\" content=\"article\" \/>\n<meta property=\"og:title\" content=\"Digital Workplace\" \/>\n<meta property=\"og:url\" content=\"https:\/\/itconcepts.ch\/fr\/plattformen\/bmc-software\/digital-workplace\/\" \/>\n<meta property=\"og:site_name\" content=\"IT Concepts\" \/>\n<meta property=\"article:modified_time\" content=\"2025-03-10T05:22:12+00:00\" \/>\n<meta property=\"og:image\" content=\"https:\/\/itconcepts.ch\/wp-content\/uploads\/2024\/07\/AdobeStock_163119186_Preview.png\" \/>\n\t<meta property=\"og:image:width\" content=\"1920\" \/>\n\t<meta property=\"og:image:height\" content=\"1083\" \/>\n\t<meta property=\"og:image:type\" content=\"image\/png\" \/>\n<meta name=\"twitter:card\" content=\"summary_large_image\" \/>\n<meta name=\"twitter:label1\" content=\"Est. reading time\" \/>\n\t<meta name=\"twitter:data1\" content=\"1 minute\" \/>\n<script type=\"application\/ld+json\" class=\"yoast-schema-graph\">{\"@context\":\"https:\\\/\\\/schema.org\",\"@graph\":[{\"@type\":\"WebPage\",\"@id\":\"https:\\\/\\\/itconcepts.ch\\\/fr\\\/plattformen\\\/bmc-software\\\/digital-workplace\\\/\",\"url\":\"https:\\\/\\\/itconcepts.ch\\\/fr\\\/plattformen\\\/bmc-software\\\/digital-workplace\\\/\",\"name\":\"Digital Workplace - IT Concepts\",\"isPartOf\":{\"@id\":\"https:\\\/\\\/itconcepts.ch\\\/#website\"},\"primaryImageOfPage\":{\"@id\":\"https:\\\/\\\/itconcepts.ch\\\/fr\\\/plattformen\\\/bmc-software\\\/digital-workplace\\\/#primaryimage\"},\"image\":{\"@id\":\"https:\\\/\\\/itconcepts.ch\\\/fr\\\/plattformen\\\/bmc-software\\\/digital-workplace\\\/#primaryimage\"},\"thumbnailUrl\":\"https:\\\/\\\/itconcepts.ch\\\/wp-content\\\/uploads\\\/2024\\\/07\\\/AdobeStock_163119186_Preview.png\",\"datePublished\":\"2025-02-05T18:10:58+00:00\",\"dateModified\":\"2025-03-10T05:22:12+00:00\",\"breadcrumb\":{\"@id\":\"https:\\\/\\\/itconcepts.ch\\\/fr\\\/plattformen\\\/bmc-software\\\/digital-workplace\\\/#breadcrumb\"},\"inLanguage\":\"fr-FR\",\"potentialAction\":[{\"@type\":\"ReadAction\",\"target\":[\"https:\\\/\\\/itconcepts.ch\\\/fr\\\/plattformen\\\/bmc-software\\\/digital-workplace\\\/\"]}]},{\"@type\":\"ImageObject\",\"inLanguage\":\"fr-FR\",\"@id\":\"https:\\\/\\\/itconcepts.ch\\\/fr\\\/plattformen\\\/bmc-software\\\/digital-workplace\\\/#primaryimage\",\"url\":\"https:\\\/\\\/itconcepts.ch\\\/wp-content\\\/uploads\\\/2024\\\/07\\\/AdobeStock_163119186_Preview.png\",\"contentUrl\":\"https:\\\/\\\/itconcepts.ch\\\/wp-content\\\/uploads\\\/2024\\\/07\\\/AdobeStock_163119186_Preview.png\",\"width\":1920,\"height\":1083},{\"@type\":\"BreadcrumbList\",\"@id\":\"https:\\\/\\\/itconcepts.ch\\\/fr\\\/plattformen\\\/bmc-software\\\/digital-workplace\\\/#breadcrumb\",\"itemListElement\":[{\"@type\":\"ListItem\",\"position\":1,\"name\":\"Home\",\"item\":\"https:\\\/\\\/itconcepts.ch\\\/fr\\\/\"},{\"@type\":\"ListItem\",\"position\":2,\"name\":\"Plateformes\",\"item\":\"https:\\\/\\\/itconcepts.ch\\\/fr\\\/plattformen\\\/\"},{\"@type\":\"ListItem\",\"position\":3,\"name\":\"BMC Software\",\"item\":\"https:\\\/\\\/itconcepts.ch\\\/fr\\\/plattformen\\\/bmc-software\\\/\"},{\"@type\":\"ListItem\",\"position\":4,\"name\":\"Digital Workplace\"}]},{\"@type\":\"WebSite\",\"@id\":\"https:\\\/\\\/itconcepts.ch\\\/#website\",\"url\":\"https:\\\/\\\/itconcepts.ch\\\/\",\"name\":\"IT Concepts\",\"description\":\"\",\"potentialAction\":[{\"@type\":\"SearchAction\",\"target\":{\"@type\":\"EntryPoint\",\"urlTemplate\":\"https:\\\/\\\/itconcepts.ch\\\/?s={search_term_string}\"},\"query-input\":{\"@type\":\"PropertyValueSpecification\",\"valueRequired\":true,\"valueName\":\"search_term_string\"}}],\"inLanguage\":\"fr-FR\"},{\"@type\":\"ImageObject\",\"inLanguage\":\"fr-FR\",\"@id\":\"https:\\\/\\\/itconcepts.ch\\\/fr\\\/plattformen\\\/bmc-software\\\/digital-workplace\\\/#local-main-organization-logo\",\"url\":\"\",\"contentUrl\":\"\",\"caption\":\"IT Concepts\"}]}<\/script>\n<!-- \/ Yoast SEO Premium plugin. -->","yoast_head_json":{"title":"Digital Workplace - IT Concepts","robots":{"index":"index","follow":"follow","max-snippet":"max-snippet:-1","max-image-preview":"max-image-preview:large","max-video-preview":"max-video-preview:-1"},"canonical":"https:\/\/itconcepts.ch\/fr\/plattformen\/bmc-software\/digital-workplace\/","og_locale":"fr_FR","og_type":"article","og_title":"Digital Workplace","og_url":"https:\/\/itconcepts.ch\/fr\/plattformen\/bmc-software\/digital-workplace\/","og_site_name":"IT Concepts","article_modified_time":"2025-03-10T05:22:12+00:00","og_image":[{"width":1920,"height":1083,"url":"https:\/\/itconcepts.ch\/wp-content\/uploads\/2024\/07\/AdobeStock_163119186_Preview.png","type":"image\/png"}],"twitter_card":"summary_large_image","twitter_misc":{"Est. reading time":"1 minute"},"schema":{"@context":"https:\/\/schema.org","@graph":[{"@type":"WebPage","@id":"https:\/\/itconcepts.ch\/fr\/plattformen\/bmc-software\/digital-workplace\/","url":"https:\/\/itconcepts.ch\/fr\/plattformen\/bmc-software\/digital-workplace\/","name":"Digital Workplace - IT Concepts","isPartOf":{"@id":"https:\/\/itconcepts.ch\/#website"},"primaryImageOfPage":{"@id":"https:\/\/itconcepts.ch\/fr\/plattformen\/bmc-software\/digital-workplace\/#primaryimage"},"image":{"@id":"https:\/\/itconcepts.ch\/fr\/plattformen\/bmc-software\/digital-workplace\/#primaryimage"},"thumbnailUrl":"https:\/\/itconcepts.ch\/wp-content\/uploads\/2024\/07\/AdobeStock_163119186_Preview.png","datePublished":"2025-02-05T18:10:58+00:00","dateModified":"2025-03-10T05:22:12+00:00","breadcrumb":{"@id":"https:\/\/itconcepts.ch\/fr\/plattformen\/bmc-software\/digital-workplace\/#breadcrumb"},"inLanguage":"fr-FR","potentialAction":[{"@type":"ReadAction","target":["https:\/\/itconcepts.ch\/fr\/plattformen\/bmc-software\/digital-workplace\/"]}]},{"@type":"ImageObject","inLanguage":"fr-FR","@id":"https:\/\/itconcepts.ch\/fr\/plattformen\/bmc-software\/digital-workplace\/#primaryimage","url":"https:\/\/itconcepts.ch\/wp-content\/uploads\/2024\/07\/AdobeStock_163119186_Preview.png","contentUrl":"https:\/\/itconcepts.ch\/wp-content\/uploads\/2024\/07\/AdobeStock_163119186_Preview.png","width":1920,"height":1083},{"@type":"BreadcrumbList","@id":"https:\/\/itconcepts.ch\/fr\/plattformen\/bmc-software\/digital-workplace\/#breadcrumb","itemListElement":[{"@type":"ListItem","position":1,"name":"Home","item":"https:\/\/itconcepts.ch\/fr\/"},{"@type":"ListItem","position":2,"name":"Plateformes","item":"https:\/\/itconcepts.ch\/fr\/plattformen\/"},{"@type":"ListItem","position":3,"name":"BMC Software","item":"https:\/\/itconcepts.ch\/fr\/plattformen\/bmc-software\/"},{"@type":"ListItem","position":4,"name":"Digital Workplace"}]},{"@type":"WebSite","@id":"https:\/\/itconcepts.ch\/#website","url":"https:\/\/itconcepts.ch\/","name":"IT Concepts","description":"","potentialAction":[{"@type":"SearchAction","target":{"@type":"EntryPoint","urlTemplate":"https:\/\/itconcepts.ch\/?s={search_term_string}"},"query-input":{"@type":"PropertyValueSpecification","valueRequired":true,"valueName":"search_term_string"}}],"inLanguage":"fr-FR"},{"@type":"ImageObject","inLanguage":"fr-FR","@id":"https:\/\/itconcepts.ch\/fr\/plattformen\/bmc-software\/digital-workplace\/#local-main-organization-logo","url":"","contentUrl":"","caption":"IT Concepts"}]}},"_links":{"self":[{"href":"https:\/\/itconcepts.ch\/fr\/wp-json\/wp\/v2\/pages\/2762","targetHints":{"allow":["GET"]}}],"collection":[{"href":"https:\/\/itconcepts.ch\/fr\/wp-json\/wp\/v2\/pages"}],"about":[{"href":"https:\/\/itconcepts.ch\/fr\/wp-json\/wp\/v2\/types\/page"}],"author":[{"embeddable":true,"href":"https:\/\/itconcepts.ch\/fr\/wp-json\/wp\/v2\/users\/11"}],"replies":[{"embeddable":true,"href":"https:\/\/itconcepts.ch\/fr\/wp-json\/wp\/v2\/comments?post=2762"}],"version-history":[{"count":0,"href":"https:\/\/itconcepts.ch\/fr\/wp-json\/wp\/v2\/pages\/2762\/revisions"}],"up":[{"embeddable":true,"href":"https:\/\/itconcepts.ch\/fr\/wp-json\/wp\/v2\/pages\/4716"}],"wp:featuredmedia":[{"embeddable":true,"href":"https:\/\/itconcepts.ch\/fr\/wp-json\/wp\/v2\/media\/22"}],"wp:attachment":[{"href":"https:\/\/itconcepts.ch\/fr\/wp-json\/wp\/v2\/media?parent=2762"}],"curies":[{"name":"wp","href":"https:\/\/api.w.org\/{rel}","templated":true}]}}