{"id":2800,"date":"2025-01-29T14:04:11","date_gmt":"2025-01-29T13:04:11","guid":{"rendered":"https:\/\/dev.itconcepts.berta-bewegt.ch\/plattformen\/saviynt\/"},"modified":"2026-04-13T01:24:36","modified_gmt":"2026-04-12T23:24:36","slug":"saviynt","status":"publish","type":"page","link":"https:\/\/itconcepts.ch\/fr\/plattformen\/saviynt\/","title":{"rendered":"Saviynt"},"content":{"rendered":"\n    <section class=\"page-block-block block-with-grey-bg\" id=\"\">\n        <div class=\"cols-block  \">\n            <div class=\"col-l\">\n                <div class=\"title-block title-block-untertitel-desk\">\n                        <p class=\"subtitle\">\u00c0 propos de Saviynt<\/p>\n\n    <h2 class=\"like-h1\">L&rsquo;avenir de la gouvernance des identit\u00e9s : s\u00e9curis\u00e9e, intelligente, \u00e9volutive.<\/h2>\n\n    <div class=\"text-block-simple\"><p>Saviynt est une plateforme de premier plan pour la gouvernance et l&rsquo;administration des identit\u00e9s (IGA), la gestion des acc\u00e8s privil\u00e9gi\u00e9s (PAM) et la s\u00e9curit\u00e9 du cloud. Elle aide les entreprises \u00e0 g\u00e9rer efficacement les identit\u00e9s, les acc\u00e8s et les autorisations et \u00e0 minimiser les risques de s\u00e9curit\u00e9.<\/p>\n<p>Gr\u00e2ce \u00e0 une automatisation intelligente, \u00e0 des contr\u00f4les d&rsquo;acc\u00e8s bas\u00e9s sur les risques et \u00e0 une surveillance de la conformit\u00e9, Saviynt permet un contr\u00f4le centralis\u00e9 et une transparence sur les environnements informatiques hybrides, des syst\u00e8mes sur site au cloud.<\/p>\n<p>Les entreprises utilisent Saviynt pour renforcer la s\u00e9curit\u00e9, r\u00e9pondre aux exigences r\u00e9glementaires et accro\u00eetre l&rsquo;efficacit\u00e9 op\u00e9rationnelle. Gr\u00e2ce \u00e0 une architecture moderne bas\u00e9e sur le cloud, Saviynt garantit une s\u00e9curit\u00e9 \u00ab zero trust \u00bb et une exp\u00e9rience utilisateur fluide.<\/p>\n<\/div>\n                <\/div>\n\n                            <\/div>\n\n            <div class=\"col-r\">\n                <div class=\"title-block title-block-untertitel-mob\">\n                        <p class=\"subtitle\">\u00c0 propos de Saviynt<\/p>\n\n\n                <\/div>\n\n                                    <img decoding=\"async\" src=\"https:\/\/itconcepts.ch\/wp-content\/uploads\/2024\/07\/Bild-Startseite-783x800.png\" class=\"\" alt=\"L'avenir de la gouvernance des identit\u00e9s : s\u00e9curis\u00e9e, intelligente, \u00e9volutive.\" \/>\n                            <\/div>\n        <\/div>\n    <\/section>\n\n\n\n\n    <section class=\"text-cards-4-cols-block with-grey-bg\" id=\"\">\n                    <img decoding=\"async\" src=\"https:\/\/itconcepts.ch\/wp-content\/themes\/it_concepts\/assets\/images\/red_bg_lines_left.svg\" class=\"block-lines-left block-lines-left-grey-version\" alt=\"Block Lines\" \/>\n            <img decoding=\"async\" src=\"https:\/\/itconcepts.ch\/wp-content\/themes\/it_concepts\/assets\/images\/red_bg_lines_right.svg\" class=\"block-lines-right block-lines-left-grey-version\" alt=\"Block Lines\" \/>\n        \n        <div class=\"title-block title-block-narrow\">\n                <p class=\"subtitle\">Pourquoi Saviynt ?<\/p>\n\n    <h2 class=\"like-h1\">Les avantages de Saviynt<\/h2>\n\n    <div class=\"text-block-simple\"><p>Saviynt optimise la gestion des identit\u00e9s et des acc\u00e8s gr\u00e2ce \u00e0 l&rsquo;automatisation, aux contr\u00f4les bas\u00e9s sur les risques et \u00e0 la surveillance de la conformit\u00e9. L&rsquo;architecture bas\u00e9e sur le cloud permet une \u00e9volutivit\u00e9 flexible et une int\u00e9gration transparente. Les entreprises b\u00e9n\u00e9ficient d&rsquo;une s\u00e9curit\u00e9 et d&rsquo;une transparence accrues ainsi que d&rsquo;une gestion plus efficace des autorisations dans le cadre de l&rsquo;approche \u00ab Zero Trust \u00bb.<\/p>\n<\/div>\n        <\/div>\n\n                    <div class=\"text-cards-cols text-cards-cols-always-hidden\">\n                                    <div class=\"text-card\">\n                        <div class=\"text-card-inner-container text-card-inner-container-grey\">\n                                                            <div class=\"icon-wrapper\">\n                                    <div style=\"background-image: url('https:\/\/itconcepts.ch\/wp-content\/uploads\/2025\/03\/Consulting-e2f6f4.svg')\"><\/div>\n                                <\/div>\n                            \n                                                            <h3 class=\"big mb_0 text-center\">Automatisation<\/h3>\n                                <div class=\"title-divider\"><\/div>\n                            \n                                                            <p class=\"small mb_0 text-center\">R\u00e9duit les t\u00e2ches manuelles et optimise la gestion des acc\u00e8s.<\/p>\n                            \n                                                    <\/div>\n                    <\/div>\n                                    <div class=\"text-card\">\n                        <div class=\"text-card-inner-container text-card-inner-container-grey\">\n                                                            <div class=\"icon-wrapper\">\n                                    <div style=\"background-image: url('https:\/\/itconcepts.ch\/wp-content\/uploads\/2025\/03\/Risikobasierte_Kontrolle-a5bc8a.svg')\"><\/div>\n                                <\/div>\n                            \n                                                            <h3 class=\"big mb_0 text-center\">Contr\u00f4le bas\u00e9 sur les risques<\/h3>\n                                <div class=\"title-divider\"><\/div>\n                            \n                                                            <p class=\"small mb_0 text-center\">D\u00e9tecte les menaces et adapte les autorisations de mani\u00e8re dynamique.<\/p>\n                            \n                                                    <\/div>\n                    <\/div>\n                                    <div class=\"text-card\">\n                        <div class=\"text-card-inner-container text-card-inner-container-grey\">\n                                                            <div class=\"icon-wrapper\">\n                                    <div style=\"background-image: url('https:\/\/itconcepts.ch\/wp-content\/uploads\/2025\/03\/Dokument-1e09dd.svg')\"><\/div>\n                                <\/div>\n                            \n                                                            <h3 class=\"big mb_0 text-center\">Conformit\u00e9 et audits<\/h3>\n                                <div class=\"title-divider\"><\/div>\n                            \n                                                            <p class=\"small mb_0 text-center\">R\u00e9pond aux exigences r\u00e9glementaires gr\u00e2ce \u00e0 des contr\u00f4les automatis\u00e9s.<\/p>\n                            \n                                                    <\/div>\n                    <\/div>\n                                    <div class=\"text-card\">\n                        <div class=\"text-card-inner-container text-card-inner-container-grey\">\n                                                            <div class=\"icon-wrapper\">\n                                    <div style=\"background-image: url('https:\/\/itconcepts.ch\/wp-content\/uploads\/2025\/03\/Verbesserung_bearbeitet-e0e532.svg')\"><\/div>\n                                <\/div>\n                            \n                                                            <h3 class=\"big mb_0 text-center\">\u00c9volutivit\u00e9 du cloud<\/h3>\n                                <div class=\"title-divider\"><\/div>\n                            \n                                                            <p class=\"small mb_0 text-center\">S&rsquo;int\u00e8gre de mani\u00e8re flexible dans les environnements informatiques et \u00e9volue avec eux.<\/p>\n                            \n                                                    <\/div>\n                    <\/div>\n                            <\/div>\n\n            <div class=\"text-cards-slider text-cards-slider-always-visible\">\n                                    <div class=\"text-card\">\n                        <div class=\"text-card-inner-container text-card-inner-container-grey\">\n                                                            <div class=\"icon-wrapper\">\n                                    <div style=\"background-image: url('https:\/\/itconcepts.ch\/wp-content\/uploads\/2025\/03\/Consulting-e2f6f4.svg')\"><\/div>\n                                <\/div>\n                            \n                                                            <h3 class=\"big mb_0 text-center\">Automatisation<\/h3>\n                                <div class=\"title-divider\"><\/div>\n                            \n                                                            <p class=\"small mb_0 text-center\">R\u00e9duit les t\u00e2ches manuelles et optimise la gestion des acc\u00e8s.<\/p>\n                            \n                                                    <\/div>\n                    <\/div>\n                                    <div class=\"text-card\">\n                        <div class=\"text-card-inner-container text-card-inner-container-grey\">\n                                                            <div class=\"icon-wrapper\">\n                                    <div style=\"background-image: url('https:\/\/itconcepts.ch\/wp-content\/uploads\/2025\/03\/Risikobasierte_Kontrolle-a5bc8a.svg')\"><\/div>\n                                <\/div>\n                            \n                                                            <h3 class=\"big mb_0 text-center\">Contr\u00f4le bas\u00e9 sur les risques<\/h3>\n                                <div class=\"title-divider\"><\/div>\n                            \n                                                            <p class=\"small mb_0 text-center\">D\u00e9tecte les menaces et adapte les autorisations de mani\u00e8re dynamique.<\/p>\n                            \n                                                    <\/div>\n                    <\/div>\n                                    <div class=\"text-card\">\n                        <div class=\"text-card-inner-container text-card-inner-container-grey\">\n                                                            <div class=\"icon-wrapper\">\n                                    <div style=\"background-image: url('https:\/\/itconcepts.ch\/wp-content\/uploads\/2025\/03\/Dokument-1e09dd.svg')\"><\/div>\n                                <\/div>\n                            \n                                                            <h3 class=\"big mb_0 text-center\">Conformit\u00e9 et audits<\/h3>\n                                <div class=\"title-divider\"><\/div>\n                            \n                                                            <p class=\"small mb_0 text-center\">R\u00e9pond aux exigences r\u00e9glementaires gr\u00e2ce \u00e0 des contr\u00f4les automatis\u00e9s.<\/p>\n                            \n                                                    <\/div>\n                    <\/div>\n                                    <div class=\"text-card\">\n                        <div class=\"text-card-inner-container text-card-inner-container-grey\">\n                                                            <div class=\"icon-wrapper\">\n                                    <div style=\"background-image: url('https:\/\/itconcepts.ch\/wp-content\/uploads\/2025\/03\/Verbesserung_bearbeitet-e0e532.svg')\"><\/div>\n                                <\/div>\n                            \n                                                            <h3 class=\"big mb_0 text-center\">\u00c9volutivit\u00e9 du cloud<\/h3>\n                                <div class=\"title-divider\"><\/div>\n                            \n                                                            <p class=\"small mb_0 text-center\">S&rsquo;int\u00e8gre de mani\u00e8re flexible dans les environnements informatiques et \u00e9volue avec eux.<\/p>\n                            \n                                                    <\/div>\n                    <\/div>\n                            <\/div>\n            <\/section>\n\n\n\n\n\n            <section class=\"person-kontakt-block block-with-grey-bg\" id=\"\">\n            <div class=\"person-kontakt-cols\">\n                <div class=\"person-kontakt-left-part\">\n                    <div class=\"person-kontakt-left-part-inner-container\">\n                                                    <h2 class=\"like-h1\">Souhaitez-vous \u00eatre conseill\u00e9 sur les logiciels Saviynt?<\/h2>\n                        \n                                                    <p>Vous souhaitez en savoir plus sur Saviynt ou trouver une solution adapt\u00e9e \u00e0 votre entreprise ? Nos experts vous conseillent gratuitement et sans engagement. Contactez-nous d\u00e8s maintenant !<\/p>\n                        \n                                                    <div class=\"person-kontakt-email-wrapper\">\n                                <a href=\"mailto: info@itconcepts.ch\" class=\"primary-button-bg btn-medium\">Prendre contact<\/a>\n                            <\/div>\n                                            <\/div>\n                <\/div>\n\n                <div class=\"person-kontakt-right-part\">\n                    <div class=\"person-kontakt-right-part-inner-container\">\n                                                    <img decoding=\"async\" src=\"https:\/\/itconcepts.ch\/wp-content\/uploads\/2025\/02\/christian_gerber_1x1-800x800.jpg\" \/>\n                        \n                                                    <h3 class=\"small text-red text-bold mb_0\">Christian Gerber<\/h3>\n                        \n                                                    <p class=\" mb_0\">CRMO<\/p>\n                                            <\/div>\n                <\/div>\n            <\/div>\n        <\/section>\n    \n\n\n\n            <section class=\"logos-slider-block  block-with-top-bottom-margins\" id=\"\">\n            <div class=\"title-block text-center\">\n                    <p class=\"subtitle\">Nos clients<\/p>\n\n\n            <\/div>\n\n            <div class=\"logos-slider\">\n                                    <div class=\"logos-slide\">\n                        <div class=\"logos-slide-inner-container\">\n                                                            <div class=\"logo\" style=\"background-image: url('https:\/\/itconcepts.ch\/wp-content\/uploads\/2024\/07\/kunde_03.png')\"><\/div>\n                                                    <\/div>\n                    <\/div>\n                                    <div class=\"logos-slide\">\n                        <div class=\"logos-slide-inner-container\">\n                                                            <div class=\"logo\" style=\"background-image: url('https:\/\/itconcepts.ch\/wp-content\/uploads\/2025\/03\/Helsana-logo-transparent.png')\"><\/div>\n                                                    <\/div>\n                    <\/div>\n                                    <div class=\"logos-slide\">\n                        <div class=\"logos-slide-inner-container\">\n                                                            <div class=\"logo\" style=\"background-image: url('https:\/\/itconcepts.ch\/wp-content\/uploads\/2025\/03\/SIX-Group-transparent.png')\"><\/div>\n                                                    <\/div>\n                    <\/div>\n                                    <div class=\"logos-slide\">\n                        <div class=\"logos-slide-inner-container\">\n                                                            <div class=\"logo\" style=\"background-image: url('https:\/\/itconcepts.ch\/wp-content\/uploads\/2025\/03\/zfv_logo_de_100mm_sw_ohne-gastronomiegruppe.png')\"><\/div>\n                                                    <\/div>\n                    <\/div>\n                                    <div class=\"logos-slide\">\n                        <div class=\"logos-slide-inner-container\">\n                                                            <div class=\"logo\" style=\"background-image: url('https:\/\/itconcepts.ch\/wp-content\/uploads\/2025\/03\/download-4-325x108-1.png')\"><\/div>\n                                                    <\/div>\n                    <\/div>\n                                    <div class=\"logos-slide\">\n                        <div class=\"logos-slide-inner-container\">\n                                                            <div class=\"logo\" style=\"background-image: url('https:\/\/itconcepts.ch\/wp-content\/uploads\/2025\/03\/g_g_las-logo-homepage2.png')\"><\/div>\n                                                    <\/div>\n                    <\/div>\n                                    <div class=\"logos-slide\">\n                        <div class=\"logos-slide-inner-container\">\n                                                            <div class=\"logo\" style=\"background-image: url('https:\/\/itconcepts.ch\/wp-content\/uploads\/2025\/03\/WWZ-Logo-2020_Emobilzug_blau.png')\"><\/div>\n                                                    <\/div>\n                    <\/div>\n                                    <div class=\"logos-slide\">\n                        <div class=\"logos-slide-inner-container\">\n                                                            <div class=\"logo\" style=\"background-image: url('https:\/\/itconcepts.ch\/wp-content\/uploads\/2025\/03\/Copy-of-logo1-scaled.jpg')\"><\/div>\n                                                    <\/div>\n                    <\/div>\n                                    <div class=\"logos-slide\">\n                        <div class=\"logos-slide-inner-container\">\n                                                            <div class=\"logo\" style=\"background-image: url('https:\/\/itconcepts.ch\/wp-content\/uploads\/2025\/03\/MeteoSwiss_color_logo.png')\"><\/div>\n                                                    <\/div>\n                    <\/div>\n                            <\/div>\n        <\/section>\n    \n\n\n\n\n<p><\/p>\n","protected":false},"excerpt":{"rendered":"","protected":false},"author":11,"featured_media":22,"parent":2624,"menu_order":6,"comment_status":"closed","ping_status":"closed","template":"","meta":{"_acf_changed":false,"inline_featured_image":false,"footnotes":""},"class_list":["post-2800","page","type-page","status-publish","has-post-thumbnail","hentry"],"acf":[],"yoast_head":"<!-- This site is optimized with the Yoast SEO Premium plugin v27.0 (Yoast SEO v27.0) - https:\/\/yoast.com\/product\/yoast-seo-premium-wordpress\/ -->\n<title>Saviynt - IT Concepts<\/title>\n<meta name=\"robots\" content=\"index, follow, max-snippet:-1, max-image-preview:large, max-video-preview:-1\" \/>\n<link rel=\"canonical\" href=\"https:\/\/itconcepts.ch\/fr\/plattformen\/saviynt\/\" \/>\n<meta property=\"og:locale\" content=\"fr_FR\" \/>\n<meta property=\"og:type\" content=\"article\" \/>\n<meta property=\"og:title\" content=\"Saviynt\" \/>\n<meta property=\"og:url\" content=\"https:\/\/itconcepts.ch\/fr\/plattformen\/saviynt\/\" \/>\n<meta property=\"og:site_name\" content=\"IT Concepts\" \/>\n<meta property=\"article:modified_time\" content=\"2026-04-12T23:24:36+00:00\" \/>\n<meta property=\"og:image\" content=\"https:\/\/itconcepts.ch\/wp-content\/uploads\/2024\/07\/AdobeStock_163119186_Preview.png\" \/>\n\t<meta property=\"og:image:width\" content=\"1920\" \/>\n\t<meta property=\"og:image:height\" content=\"1083\" \/>\n\t<meta property=\"og:image:type\" content=\"image\/png\" \/>\n<meta name=\"twitter:card\" content=\"summary_large_image\" \/>\n<meta name=\"twitter:label1\" content=\"Est. reading time\" \/>\n\t<meta name=\"twitter:data1\" content=\"1 minute\" \/>\n<script type=\"application\/ld+json\" class=\"yoast-schema-graph\">{\"@context\":\"https:\/\/schema.org\",\"@graph\":[{\"@type\":\"WebPage\",\"@id\":\"https:\/\/itconcepts.ch\/fr\/plattformen\/saviynt\/\",\"url\":\"https:\/\/itconcepts.ch\/fr\/plattformen\/saviynt\/\",\"name\":\"Saviynt - IT Concepts\",\"isPartOf\":{\"@id\":\"https:\/\/itconcepts.ch\/#website\"},\"primaryImageOfPage\":{\"@id\":\"https:\/\/itconcepts.ch\/fr\/plattformen\/saviynt\/#primaryimage\"},\"image\":{\"@id\":\"https:\/\/itconcepts.ch\/fr\/plattformen\/saviynt\/#primaryimage\"},\"thumbnailUrl\":\"https:\/\/itconcepts.ch\/wp-content\/uploads\/2024\/07\/AdobeStock_163119186_Preview.png\",\"datePublished\":\"2025-01-29T13:04:11+00:00\",\"dateModified\":\"2026-04-12T23:24:36+00:00\",\"breadcrumb\":{\"@id\":\"https:\/\/itconcepts.ch\/fr\/plattformen\/saviynt\/#breadcrumb\"},\"inLanguage\":\"fr-FR\",\"potentialAction\":[{\"@type\":\"ReadAction\",\"target\":[\"https:\/\/itconcepts.ch\/fr\/plattformen\/saviynt\/\"]}]},{\"@type\":\"ImageObject\",\"inLanguage\":\"fr-FR\",\"@id\":\"https:\/\/itconcepts.ch\/fr\/plattformen\/saviynt\/#primaryimage\",\"url\":\"https:\/\/itconcepts.ch\/wp-content\/uploads\/2024\/07\/AdobeStock_163119186_Preview.png\",\"contentUrl\":\"https:\/\/itconcepts.ch\/wp-content\/uploads\/2024\/07\/AdobeStock_163119186_Preview.png\",\"width\":1920,\"height\":1083},{\"@type\":\"BreadcrumbList\",\"@id\":\"https:\/\/itconcepts.ch\/fr\/plattformen\/saviynt\/#breadcrumb\",\"itemListElement\":[{\"@type\":\"ListItem\",\"position\":1,\"name\":\"Home\",\"item\":\"https:\/\/itconcepts.ch\/fr\/\"},{\"@type\":\"ListItem\",\"position\":2,\"name\":\"Plateformes\",\"item\":\"https:\/\/itconcepts.ch\/fr\/plattformen\/\"},{\"@type\":\"ListItem\",\"position\":3,\"name\":\"Saviynt\"}]},{\"@type\":\"WebSite\",\"@id\":\"https:\/\/itconcepts.ch\/#website\",\"url\":\"https:\/\/itconcepts.ch\/\",\"name\":\"IT Concepts\",\"description\":\"\",\"potentialAction\":[{\"@type\":\"SearchAction\",\"target\":{\"@type\":\"EntryPoint\",\"urlTemplate\":\"https:\/\/itconcepts.ch\/?s={search_term_string}\"},\"query-input\":{\"@type\":\"PropertyValueSpecification\",\"valueRequired\":true,\"valueName\":\"search_term_string\"}}],\"inLanguage\":\"fr-FR\"},{\"@type\":\"ImageObject\",\"inLanguage\":\"fr-FR\",\"@id\":\"https:\/\/itconcepts.ch\/fr\/plattformen\/saviynt\/#local-main-organization-logo\",\"url\":\"\",\"contentUrl\":\"\",\"caption\":\"IT Concepts\"}]}<\/script>\n<!-- \/ Yoast SEO Premium plugin. -->","yoast_head_json":{"title":"Saviynt - IT Concepts","robots":{"index":"index","follow":"follow","max-snippet":"max-snippet:-1","max-image-preview":"max-image-preview:large","max-video-preview":"max-video-preview:-1"},"canonical":"https:\/\/itconcepts.ch\/fr\/plattformen\/saviynt\/","og_locale":"fr_FR","og_type":"article","og_title":"Saviynt","og_url":"https:\/\/itconcepts.ch\/fr\/plattformen\/saviynt\/","og_site_name":"IT Concepts","article_modified_time":"2026-04-12T23:24:36+00:00","og_image":[{"width":1920,"height":1083,"url":"https:\/\/itconcepts.ch\/wp-content\/uploads\/2024\/07\/AdobeStock_163119186_Preview.png","type":"image\/png"}],"twitter_card":"summary_large_image","twitter_misc":{"Est. reading time":"1 minute"},"schema":{"@context":"https:\/\/schema.org","@graph":[{"@type":"WebPage","@id":"https:\/\/itconcepts.ch\/fr\/plattformen\/saviynt\/","url":"https:\/\/itconcepts.ch\/fr\/plattformen\/saviynt\/","name":"Saviynt - IT Concepts","isPartOf":{"@id":"https:\/\/itconcepts.ch\/#website"},"primaryImageOfPage":{"@id":"https:\/\/itconcepts.ch\/fr\/plattformen\/saviynt\/#primaryimage"},"image":{"@id":"https:\/\/itconcepts.ch\/fr\/plattformen\/saviynt\/#primaryimage"},"thumbnailUrl":"https:\/\/itconcepts.ch\/wp-content\/uploads\/2024\/07\/AdobeStock_163119186_Preview.png","datePublished":"2025-01-29T13:04:11+00:00","dateModified":"2026-04-12T23:24:36+00:00","breadcrumb":{"@id":"https:\/\/itconcepts.ch\/fr\/plattformen\/saviynt\/#breadcrumb"},"inLanguage":"fr-FR","potentialAction":[{"@type":"ReadAction","target":["https:\/\/itconcepts.ch\/fr\/plattformen\/saviynt\/"]}]},{"@type":"ImageObject","inLanguage":"fr-FR","@id":"https:\/\/itconcepts.ch\/fr\/plattformen\/saviynt\/#primaryimage","url":"https:\/\/itconcepts.ch\/wp-content\/uploads\/2024\/07\/AdobeStock_163119186_Preview.png","contentUrl":"https:\/\/itconcepts.ch\/wp-content\/uploads\/2024\/07\/AdobeStock_163119186_Preview.png","width":1920,"height":1083},{"@type":"BreadcrumbList","@id":"https:\/\/itconcepts.ch\/fr\/plattformen\/saviynt\/#breadcrumb","itemListElement":[{"@type":"ListItem","position":1,"name":"Home","item":"https:\/\/itconcepts.ch\/fr\/"},{"@type":"ListItem","position":2,"name":"Plateformes","item":"https:\/\/itconcepts.ch\/fr\/plattformen\/"},{"@type":"ListItem","position":3,"name":"Saviynt"}]},{"@type":"WebSite","@id":"https:\/\/itconcepts.ch\/#website","url":"https:\/\/itconcepts.ch\/","name":"IT Concepts","description":"","potentialAction":[{"@type":"SearchAction","target":{"@type":"EntryPoint","urlTemplate":"https:\/\/itconcepts.ch\/?s={search_term_string}"},"query-input":{"@type":"PropertyValueSpecification","valueRequired":true,"valueName":"search_term_string"}}],"inLanguage":"fr-FR"},{"@type":"ImageObject","inLanguage":"fr-FR","@id":"https:\/\/itconcepts.ch\/fr\/plattformen\/saviynt\/#local-main-organization-logo","url":"","contentUrl":"","caption":"IT Concepts"}]}},"_links":{"self":[{"href":"https:\/\/itconcepts.ch\/fr\/wp-json\/wp\/v2\/pages\/2800","targetHints":{"allow":["GET"]}}],"collection":[{"href":"https:\/\/itconcepts.ch\/fr\/wp-json\/wp\/v2\/pages"}],"about":[{"href":"https:\/\/itconcepts.ch\/fr\/wp-json\/wp\/v2\/types\/page"}],"author":[{"embeddable":true,"href":"https:\/\/itconcepts.ch\/fr\/wp-json\/wp\/v2\/users\/11"}],"replies":[{"embeddable":true,"href":"https:\/\/itconcepts.ch\/fr\/wp-json\/wp\/v2\/comments?post=2800"}],"version-history":[{"count":3,"href":"https:\/\/itconcepts.ch\/fr\/wp-json\/wp\/v2\/pages\/2800\/revisions"}],"predecessor-version":[{"id":5894,"href":"https:\/\/itconcepts.ch\/fr\/wp-json\/wp\/v2\/pages\/2800\/revisions\/5894"}],"up":[{"embeddable":true,"href":"https:\/\/itconcepts.ch\/fr\/wp-json\/wp\/v2\/pages\/2624"}],"wp:featuredmedia":[{"embeddable":true,"href":"https:\/\/itconcepts.ch\/fr\/wp-json\/wp\/v2\/media\/22"}],"wp:attachment":[{"href":"https:\/\/itconcepts.ch\/fr\/wp-json\/wp\/v2\/media?parent=2800"}],"curies":[{"name":"wp","href":"https:\/\/api.w.org\/{rel}","templated":true}]}}