{"id":3566,"date":"2025-03-24T14:17:51","date_gmt":"2025-03-24T13:17:51","guid":{"rendered":"http:\/\/wordpress.p703600.webspaceconfig.de\/danke-event\/"},"modified":"2025-03-25T09:51:49","modified_gmt":"2025-03-25T08:51:49","slug":"merci-evenement","status":"publish","type":"page","link":"https:\/\/itconcepts.ch\/fr\/merci-evenement\/","title":{"rendered":"Merci: \u00c9v\u00e9nement"},"content":{"rendered":"\n<p><\/p>\n\n\n\n<p><\/p>\n\n\n\n<p>Nous vous remercions de votre inscription !<\/p>\n\n\n\n<p>Votre inscription \u00e0 notre \u00e9v\u00e9nement a \u00e9t\u00e9 valid\u00e9e. Vous recevrez sous peu un e-mail de confirmation avec toutes les informations importantes.<\/p>\n\n\n\n<p>Si vous avez encore des questions ou si vous avez besoin de plus d&rsquo;informations, n&rsquo;h\u00e9sitez pas \u00e0 nous contacter. Nous nous r\u00e9jouissons de vous accueillir \u00e0 l&rsquo;\u00e9v\u00e9nement !<\/p>\n","protected":false},"excerpt":{"rendered":"<p>Nous vous remercions de votre inscription ! Votre inscription \u00e0 notre \u00e9v\u00e9nement a \u00e9t\u00e9 valid\u00e9e. Vous recevrez sous peu un e-mail de confirmation avec toutes les informations importantes. Si vous avez encore des questions ou si vous avez besoin de plus d&rsquo;informations, n&rsquo;h\u00e9sitez pas \u00e0 nous contacter. Nous nous r\u00e9jouissons de vous accueillir \u00e0 l&rsquo;\u00e9v\u00e9nement [&hellip;]<\/p>\n","protected":false},"author":11,"featured_media":0,"parent":0,"menu_order":0,"comment_status":"closed","ping_status":"closed","template":"page-templates\/page-danke.php","meta":{"_acf_changed":false,"inline_featured_image":false,"footnotes":""},"class_list":["post-3566","page","type-page","status-publish","hentry"],"acf":[],"yoast_head":"<!-- This site is optimized with the Yoast SEO Premium plugin v27.4 (Yoast SEO v27.4) - https:\/\/yoast.com\/product\/yoast-seo-premium-wordpress\/ -->\n<title>Merci: \u00c9v\u00e9nement - IT Concepts<\/title>\n<meta name=\"robots\" content=\"index, follow, max-snippet:-1, max-image-preview:large, max-video-preview:-1\" \/>\n<link rel=\"canonical\" href=\"https:\/\/itconcepts.ch\/fr\/merci-evenement\/\" \/>\n<meta property=\"og:locale\" content=\"fr_FR\" \/>\n<meta property=\"og:type\" content=\"article\" \/>\n<meta property=\"og:title\" content=\"Merci: \u00c9v\u00e9nement\" \/>\n<meta property=\"og:description\" content=\"Nous vous remercions de votre inscription ! Votre inscription \u00e0 notre \u00e9v\u00e9nement a \u00e9t\u00e9 valid\u00e9e. Vous recevrez sous peu un e-mail de confirmation avec toutes les informations importantes. Si vous avez encore des questions ou si vous avez besoin de plus d&rsquo;informations, n&rsquo;h\u00e9sitez pas \u00e0 nous contacter. Nous nous r\u00e9jouissons de vous accueillir \u00e0 l&rsquo;\u00e9v\u00e9nement [&hellip;]\" \/>\n<meta property=\"og:url\" content=\"https:\/\/itconcepts.ch\/fr\/merci-evenement\/\" \/>\n<meta property=\"og:site_name\" content=\"IT Concepts\" \/>\n<meta property=\"article:modified_time\" content=\"2025-03-25T08:51:49+00:00\" \/>\n<meta name=\"twitter:card\" content=\"summary_large_image\" \/>\n<meta name=\"twitter:label1\" content=\"Est. reading time\" \/>\n\t<meta name=\"twitter:data1\" content=\"1 minute\" \/>\n<script type=\"application\/ld+json\" class=\"yoast-schema-graph\">{\"@context\":\"https:\\\/\\\/schema.org\",\"@graph\":[{\"@type\":\"WebPage\",\"@id\":\"https:\\\/\\\/itconcepts.ch\\\/fr\\\/merci-evenement\\\/\",\"url\":\"https:\\\/\\\/itconcepts.ch\\\/fr\\\/merci-evenement\\\/\",\"name\":\"Merci: \u00c9v\u00e9nement - IT Concepts\",\"isPartOf\":{\"@id\":\"https:\\\/\\\/itconcepts.ch\\\/#website\"},\"datePublished\":\"2025-03-24T13:17:51+00:00\",\"dateModified\":\"2025-03-25T08:51:49+00:00\",\"breadcrumb\":{\"@id\":\"https:\\\/\\\/itconcepts.ch\\\/fr\\\/merci-evenement\\\/#breadcrumb\"},\"inLanguage\":\"fr-FR\",\"potentialAction\":[{\"@type\":\"ReadAction\",\"target\":[\"https:\\\/\\\/itconcepts.ch\\\/fr\\\/merci-evenement\\\/\"]}]},{\"@type\":\"BreadcrumbList\",\"@id\":\"https:\\\/\\\/itconcepts.ch\\\/fr\\\/merci-evenement\\\/#breadcrumb\",\"itemListElement\":[{\"@type\":\"ListItem\",\"position\":1,\"name\":\"Home\",\"item\":\"https:\\\/\\\/itconcepts.ch\\\/fr\\\/\"},{\"@type\":\"ListItem\",\"position\":2,\"name\":\"Merci: \u00c9v\u00e9nement\"}]},{\"@type\":\"WebSite\",\"@id\":\"https:\\\/\\\/itconcepts.ch\\\/#website\",\"url\":\"https:\\\/\\\/itconcepts.ch\\\/\",\"name\":\"IT Concepts\",\"description\":\"\",\"potentialAction\":[{\"@type\":\"SearchAction\",\"target\":{\"@type\":\"EntryPoint\",\"urlTemplate\":\"https:\\\/\\\/itconcepts.ch\\\/?s={search_term_string}\"},\"query-input\":{\"@type\":\"PropertyValueSpecification\",\"valueRequired\":true,\"valueName\":\"search_term_string\"}}],\"inLanguage\":\"fr-FR\"},{\"@type\":\"ImageObject\",\"inLanguage\":\"fr-FR\",\"@id\":\"https:\\\/\\\/itconcepts.ch\\\/fr\\\/merci-evenement\\\/#local-main-organization-logo\",\"url\":\"\",\"contentUrl\":\"\",\"caption\":\"IT Concepts\"}]}<\/script>\n<!-- \/ Yoast SEO Premium plugin. -->","yoast_head_json":{"title":"Merci: \u00c9v\u00e9nement - IT Concepts","robots":{"index":"index","follow":"follow","max-snippet":"max-snippet:-1","max-image-preview":"max-image-preview:large","max-video-preview":"max-video-preview:-1"},"canonical":"https:\/\/itconcepts.ch\/fr\/merci-evenement\/","og_locale":"fr_FR","og_type":"article","og_title":"Merci: \u00c9v\u00e9nement","og_description":"Nous vous remercions de votre inscription ! Votre inscription \u00e0 notre \u00e9v\u00e9nement a \u00e9t\u00e9 valid\u00e9e. Vous recevrez sous peu un e-mail de confirmation avec toutes les informations importantes. Si vous avez encore des questions ou si vous avez besoin de plus d&rsquo;informations, n&rsquo;h\u00e9sitez pas \u00e0 nous contacter. Nous nous r\u00e9jouissons de vous accueillir \u00e0 l&rsquo;\u00e9v\u00e9nement [&hellip;]","og_url":"https:\/\/itconcepts.ch\/fr\/merci-evenement\/","og_site_name":"IT Concepts","article_modified_time":"2025-03-25T08:51:49+00:00","twitter_card":"summary_large_image","twitter_misc":{"Est. reading time":"1 minute"},"schema":{"@context":"https:\/\/schema.org","@graph":[{"@type":"WebPage","@id":"https:\/\/itconcepts.ch\/fr\/merci-evenement\/","url":"https:\/\/itconcepts.ch\/fr\/merci-evenement\/","name":"Merci: \u00c9v\u00e9nement - IT Concepts","isPartOf":{"@id":"https:\/\/itconcepts.ch\/#website"},"datePublished":"2025-03-24T13:17:51+00:00","dateModified":"2025-03-25T08:51:49+00:00","breadcrumb":{"@id":"https:\/\/itconcepts.ch\/fr\/merci-evenement\/#breadcrumb"},"inLanguage":"fr-FR","potentialAction":[{"@type":"ReadAction","target":["https:\/\/itconcepts.ch\/fr\/merci-evenement\/"]}]},{"@type":"BreadcrumbList","@id":"https:\/\/itconcepts.ch\/fr\/merci-evenement\/#breadcrumb","itemListElement":[{"@type":"ListItem","position":1,"name":"Home","item":"https:\/\/itconcepts.ch\/fr\/"},{"@type":"ListItem","position":2,"name":"Merci: \u00c9v\u00e9nement"}]},{"@type":"WebSite","@id":"https:\/\/itconcepts.ch\/#website","url":"https:\/\/itconcepts.ch\/","name":"IT Concepts","description":"","potentialAction":[{"@type":"SearchAction","target":{"@type":"EntryPoint","urlTemplate":"https:\/\/itconcepts.ch\/?s={search_term_string}"},"query-input":{"@type":"PropertyValueSpecification","valueRequired":true,"valueName":"search_term_string"}}],"inLanguage":"fr-FR"},{"@type":"ImageObject","inLanguage":"fr-FR","@id":"https:\/\/itconcepts.ch\/fr\/merci-evenement\/#local-main-organization-logo","url":"","contentUrl":"","caption":"IT Concepts"}]}},"_links":{"self":[{"href":"https:\/\/itconcepts.ch\/fr\/wp-json\/wp\/v2\/pages\/3566","targetHints":{"allow":["GET"]}}],"collection":[{"href":"https:\/\/itconcepts.ch\/fr\/wp-json\/wp\/v2\/pages"}],"about":[{"href":"https:\/\/itconcepts.ch\/fr\/wp-json\/wp\/v2\/types\/page"}],"author":[{"embeddable":true,"href":"https:\/\/itconcepts.ch\/fr\/wp-json\/wp\/v2\/users\/11"}],"replies":[{"embeddable":true,"href":"https:\/\/itconcepts.ch\/fr\/wp-json\/wp\/v2\/comments?post=3566"}],"version-history":[{"count":0,"href":"https:\/\/itconcepts.ch\/fr\/wp-json\/wp\/v2\/pages\/3566\/revisions"}],"wp:attachment":[{"href":"https:\/\/itconcepts.ch\/fr\/wp-json\/wp\/v2\/media?parent=3566"}],"curies":[{"name":"wp","href":"https:\/\/api.w.org\/{rel}","templated":true}]}}