{"id":3570,"date":"2025-03-24T14:14:21","date_gmt":"2025-03-24T13:14:21","guid":{"rendered":"http:\/\/wordpress.p703600.webspaceconfig.de\/danke-kontakt\/"},"modified":"2025-03-25T09:52:20","modified_gmt":"2025-03-25T08:52:20","slug":"merci-contact","status":"publish","type":"page","link":"https:\/\/itconcepts.ch\/fr\/merci-contact\/","title":{"rendered":"Merci: Contact"},"content":{"rendered":"\n<p><\/p>\n\n\n\n<p><\/p>\n\n\n\n<p>Vos r\u00e9ponses ont \u00e9t\u00e9 transmises avec succ\u00e8s. Nous vous remercions !<\/p>\n","protected":false},"excerpt":{"rendered":"<p>Vos r\u00e9ponses ont \u00e9t\u00e9 transmises avec succ\u00e8s. Nous vous remercions !<\/p>\n","protected":false},"author":11,"featured_media":0,"parent":0,"menu_order":0,"comment_status":"closed","ping_status":"closed","template":"page-templates\/page-danke.php","meta":{"_acf_changed":false,"inline_featured_image":false,"footnotes":""},"class_list":["post-3570","page","type-page","status-publish","hentry"],"acf":[],"yoast_head":"<!-- This site is optimized with the Yoast SEO Premium plugin v27.4 (Yoast SEO v27.4) - https:\/\/yoast.com\/product\/yoast-seo-premium-wordpress\/ -->\n<title>Merci: Contact - IT Concepts<\/title>\n<meta name=\"robots\" content=\"index, follow, max-snippet:-1, max-image-preview:large, max-video-preview:-1\" \/>\n<link rel=\"canonical\" href=\"https:\/\/itconcepts.ch\/fr\/merci-contact\/\" \/>\n<meta property=\"og:locale\" content=\"fr_FR\" \/>\n<meta property=\"og:type\" content=\"article\" \/>\n<meta property=\"og:title\" content=\"Merci: Contact\" \/>\n<meta property=\"og:description\" content=\"Vos r\u00e9ponses ont \u00e9t\u00e9 transmises avec succ\u00e8s. Nous vous remercions !\" \/>\n<meta property=\"og:url\" content=\"https:\/\/itconcepts.ch\/fr\/merci-contact\/\" \/>\n<meta property=\"og:site_name\" content=\"IT Concepts\" \/>\n<meta property=\"article:modified_time\" content=\"2025-03-25T08:52:20+00:00\" \/>\n<meta name=\"twitter:card\" content=\"summary_large_image\" \/>\n<script type=\"application\/ld+json\" class=\"yoast-schema-graph\">{\"@context\":\"https:\\\/\\\/schema.org\",\"@graph\":[{\"@type\":\"WebPage\",\"@id\":\"https:\\\/\\\/itconcepts.ch\\\/fr\\\/merci-contact\\\/\",\"url\":\"https:\\\/\\\/itconcepts.ch\\\/fr\\\/merci-contact\\\/\",\"name\":\"Merci: Contact - IT Concepts\",\"isPartOf\":{\"@id\":\"https:\\\/\\\/itconcepts.ch\\\/#website\"},\"datePublished\":\"2025-03-24T13:14:21+00:00\",\"dateModified\":\"2025-03-25T08:52:20+00:00\",\"breadcrumb\":{\"@id\":\"https:\\\/\\\/itconcepts.ch\\\/fr\\\/merci-contact\\\/#breadcrumb\"},\"inLanguage\":\"fr-FR\",\"potentialAction\":[{\"@type\":\"ReadAction\",\"target\":[\"https:\\\/\\\/itconcepts.ch\\\/fr\\\/merci-contact\\\/\"]}]},{\"@type\":\"BreadcrumbList\",\"@id\":\"https:\\\/\\\/itconcepts.ch\\\/fr\\\/merci-contact\\\/#breadcrumb\",\"itemListElement\":[{\"@type\":\"ListItem\",\"position\":1,\"name\":\"Home\",\"item\":\"https:\\\/\\\/itconcepts.ch\\\/fr\\\/\"},{\"@type\":\"ListItem\",\"position\":2,\"name\":\"Merci: Contact\"}]},{\"@type\":\"WebSite\",\"@id\":\"https:\\\/\\\/itconcepts.ch\\\/#website\",\"url\":\"https:\\\/\\\/itconcepts.ch\\\/\",\"name\":\"IT Concepts\",\"description\":\"\",\"potentialAction\":[{\"@type\":\"SearchAction\",\"target\":{\"@type\":\"EntryPoint\",\"urlTemplate\":\"https:\\\/\\\/itconcepts.ch\\\/?s={search_term_string}\"},\"query-input\":{\"@type\":\"PropertyValueSpecification\",\"valueRequired\":true,\"valueName\":\"search_term_string\"}}],\"inLanguage\":\"fr-FR\"},{\"@type\":\"ImageObject\",\"inLanguage\":\"fr-FR\",\"@id\":\"https:\\\/\\\/itconcepts.ch\\\/fr\\\/merci-contact\\\/#local-main-organization-logo\",\"url\":\"\",\"contentUrl\":\"\",\"caption\":\"IT Concepts\"}]}<\/script>\n<!-- \/ Yoast SEO Premium plugin. -->","yoast_head_json":{"title":"Merci: Contact - IT Concepts","robots":{"index":"index","follow":"follow","max-snippet":"max-snippet:-1","max-image-preview":"max-image-preview:large","max-video-preview":"max-video-preview:-1"},"canonical":"https:\/\/itconcepts.ch\/fr\/merci-contact\/","og_locale":"fr_FR","og_type":"article","og_title":"Merci: Contact","og_description":"Vos r\u00e9ponses ont \u00e9t\u00e9 transmises avec succ\u00e8s. Nous vous remercions !","og_url":"https:\/\/itconcepts.ch\/fr\/merci-contact\/","og_site_name":"IT Concepts","article_modified_time":"2025-03-25T08:52:20+00:00","twitter_card":"summary_large_image","schema":{"@context":"https:\/\/schema.org","@graph":[{"@type":"WebPage","@id":"https:\/\/itconcepts.ch\/fr\/merci-contact\/","url":"https:\/\/itconcepts.ch\/fr\/merci-contact\/","name":"Merci: Contact - IT Concepts","isPartOf":{"@id":"https:\/\/itconcepts.ch\/#website"},"datePublished":"2025-03-24T13:14:21+00:00","dateModified":"2025-03-25T08:52:20+00:00","breadcrumb":{"@id":"https:\/\/itconcepts.ch\/fr\/merci-contact\/#breadcrumb"},"inLanguage":"fr-FR","potentialAction":[{"@type":"ReadAction","target":["https:\/\/itconcepts.ch\/fr\/merci-contact\/"]}]},{"@type":"BreadcrumbList","@id":"https:\/\/itconcepts.ch\/fr\/merci-contact\/#breadcrumb","itemListElement":[{"@type":"ListItem","position":1,"name":"Home","item":"https:\/\/itconcepts.ch\/fr\/"},{"@type":"ListItem","position":2,"name":"Merci: Contact"}]},{"@type":"WebSite","@id":"https:\/\/itconcepts.ch\/#website","url":"https:\/\/itconcepts.ch\/","name":"IT Concepts","description":"","potentialAction":[{"@type":"SearchAction","target":{"@type":"EntryPoint","urlTemplate":"https:\/\/itconcepts.ch\/?s={search_term_string}"},"query-input":{"@type":"PropertyValueSpecification","valueRequired":true,"valueName":"search_term_string"}}],"inLanguage":"fr-FR"},{"@type":"ImageObject","inLanguage":"fr-FR","@id":"https:\/\/itconcepts.ch\/fr\/merci-contact\/#local-main-organization-logo","url":"","contentUrl":"","caption":"IT Concepts"}]}},"_links":{"self":[{"href":"https:\/\/itconcepts.ch\/fr\/wp-json\/wp\/v2\/pages\/3570","targetHints":{"allow":["GET"]}}],"collection":[{"href":"https:\/\/itconcepts.ch\/fr\/wp-json\/wp\/v2\/pages"}],"about":[{"href":"https:\/\/itconcepts.ch\/fr\/wp-json\/wp\/v2\/types\/page"}],"author":[{"embeddable":true,"href":"https:\/\/itconcepts.ch\/fr\/wp-json\/wp\/v2\/users\/11"}],"replies":[{"embeddable":true,"href":"https:\/\/itconcepts.ch\/fr\/wp-json\/wp\/v2\/comments?post=3570"}],"version-history":[{"count":0,"href":"https:\/\/itconcepts.ch\/fr\/wp-json\/wp\/v2\/pages\/3570\/revisions"}],"wp:attachment":[{"href":"https:\/\/itconcepts.ch\/fr\/wp-json\/wp\/v2\/media?parent=3570"}],"curies":[{"name":"wp","href":"https:\/\/api.w.org\/{rel}","templated":true}]}}