{"id":5307,"date":"2026-01-22T09:46:33","date_gmt":"2026-01-22T08:46:33","guid":{"rendered":"https:\/\/itconcepts.ch\/bmc-software\/"},"modified":"2026-04-07T13:44:34","modified_gmt":"2026-04-07T11:44:34","slug":"bmc-software","status":"publish","type":"page","link":"https:\/\/itconcepts.ch\/fr\/bmc-software\/","title":{"rendered":"BMC Software"},"content":{"rendered":"\n    <section class=\"page-block-block block-with-top-bottom-margins\" id=\"\">\n        <div class=\"cols-block  \">\n            <div class=\"col-l\">\n                <div class=\"title-block title-block-untertitel-desk\">\n                        <p class=\"subtitle\">\u00dcber BMC Software<\/p>\n\n    <h2 class=\"like-h1\">Zuverl\u00e4ssige Automatisierung f\u00fcr moderne IT-Umgebungen<\/h2>\n\n    <div class=\"text-block-simple\"><p>Als offizieller BMC Software Reseller und Partner in der Schweiz unterst\u00fctzt ITConcepts Unternehmen beim Einsatz der f\u00fchrenden Workload Automation- und Workflow-Orchestrierungssoftware von BMC. Mit Control-M automatisieren und steuern Sie Ihre gesch\u00e4fts- und IT-Prozesse zuverl\u00e4ssig \u00fcber hybride Umgebungen hinweg \u2013 von On-Premises \u00fcber Mainframe bis Cloud.<\/p>\n<\/div>\n                <\/div>\n\n                                    <div class=\"links-wrapper\">\n                                                                                    <a href=\"https:\/\/itconcepts.ch\/about-us\/\" class=\"primary-button-bg open-contact-overlay\"  data-source=\"https:\/\/itconcepts.ch\/fr\/bmc-software\/\" data-sourcetitle=\"Zuverl\u00e4ssige Automatisierung f\u00fcr moderne IT-Umgebungen\">Jetzt beraten lassen<\/a>\n                                                                        <\/div>\n                            <\/div>\n\n            <div class=\"col-r\">\n                <div class=\"title-block title-block-untertitel-mob\">\n                        <p class=\"subtitle\">\u00dcber BMC Software<\/p>\n\n\n                <\/div>\n\n                                    <img decoding=\"async\" src=\"https:\/\/itconcepts.ch\/wp-content\/uploads\/2025\/01\/bmc__partnerbadge_saleselitepartner_darkbg-768x768-c-default.png\" class=\"\" alt=\"Zuverl\u00e4ssige Automatisierung f\u00fcr moderne IT-Umgebungen\" \/>\n                            <\/div>\n        <\/div>\n    <\/section>\n\n\n\n\n            <section class=\"text-with-image-bg-block\" id=\"\">\n            <div class=\"bg\" style=\"background-image: url('https:\/\/itconcepts.ch\/wp-content\/uploads\/2026\/02\/ChatGPT-Image-23.-Feb.-2026-13_12_19-1200x800.png')\"><\/div>\n\n            <div class=\"text-with-image-bg-block-content-wrapper\">\n                                    <h2 class=\"very-big text-center text-white mb_0\">End-to-End-Workflow-Automatisierung, einfach gemacht<\/h2>\n                    <div class=\"title-divider\"><\/div>\n                \n                                    <div class=\"text-block-simple\">\n                        <p>Jetzt BMC Control-M entdecken \u2013 besuchen Sie die Produktseite und erfahren Sie mehr.<br \/>\nSteuern Sie selbst komplexe Workflows effizient: automatisieren, \u00fcberwachen und optimieren \u2013 f\u00fcr stabile Prozesse und schnellere digitale Services.<\/p>\n                    <\/div>\n                \n                                    <div class=\"text-divider\"><\/div>\n                \n                                    <div class=\"link-wrapper\">\n                        <a href=\"https:\/\/itconcepts.ch\/software-loesungen\/bmc-software\/control-m\/\" class=\"primary-button-bg \"  data-source=\"\" data-sourcetitle=\"\">BMC Control-M<\/a>\n                    <\/div>\n                            <\/div>\n        <\/section>\n    \n\n\n\n            <section class=\"person-kontakt-block block-with-grey-bg\" id=\"\">\n            <div class=\"person-kontakt-cols\">\n                <div class=\"person-kontakt-left-part\">\n                    <div class=\"person-kontakt-left-part-inner-container\">\n                                                    <h2 class=\"like-h1\">W\u00fcnschen Sie eine Beratung zu BMC Software?<\/h2>\n                        \n                                                    <p>M\u00f6chten Sie mehr \u00fcber BMC Software erfahren oder eine passende L\u00f6sung f\u00fcr Ihr Unternehmen finden? Unsere Experten beraten Sie kostenlos und unverbindlich \u2013 kontaktieren Sie uns jetzt!<\/p>\n                        \n                                                    <div class=\"person-kontakt-email-wrapper\">\n                                <a href=\"mailto: info@itconcepts.ch\" class=\"primary-button-bg btn-medium\">Kontakt aufnehmen<\/a>\n                            <\/div>\n                                            <\/div>\n                <\/div>\n\n                <div class=\"person-kontakt-right-part\">\n                    <div class=\"person-kontakt-right-part-inner-container\">\n                                                    <img decoding=\"async\" src=\"https:\/\/itconcepts.ch\/wp-content\/uploads\/2025\/02\/christian_gerber_1x1-800x800.jpg\" \/>\n                        \n                                                    <h3 class=\"small text-red text-bold mb_0\">Christian Gerber<\/h3>\n                        \n                                                    <p class=\" mb_0\">CRMO<\/p>\n                                            <\/div>\n                <\/div>\n            <\/div>\n        <\/section>\n    \n\n\n\n            <section class=\"testimonial-block\" id=\"\">\n            <div class=\"testimonials-slider testimonials-slider-smaller-version\">\n                                    <div class=\"testimonial-slide\">\n                        \n                        <div class=\"testimonial-cols-block  testimonial-cols-block-smaller-version\">\n                            <div class=\"testimonial-person-photo testimonial-person-photo-smaller-version\" style=\"background-image: url('https:\/\/itconcepts.ch\/wp-content\/uploads\/2025\/02\/Logo-ZKB.png');\">\n                                <img decoding=\"async\" src=\"https:\/\/itconcepts.ch\/wp-content\/themes\/it_concepts\/assets\/images\/testimonial_template.png\" width=\"515px\" height=\"490px\" alt=\"Testimonial template\" \/>\n                            <\/div>\n\n                            <div class=\"testimonial-text-part testimonial-text-part-smaller-version\">\n                                \n                                <div class=\"testimonial-text-inner-wrapper\">\n                                                                            <div class=\"testimonial-text testimonial-text-smaller-version\">\n                                                                                            <h2 class=\"medium mb_0 text-white\"><div class=\"quote-mark-open\"><span>\u00ab<\/span><\/div>ITConcepts nous a aid\u00e9s \u00e0 int\u00e9grer BMC Remedy, Discovery et ProactiveNet gr\u00e2ce \u00e0 son expertise approfondie. Nous avons pu reproduire nos processus informatiques dans toute leur \u00e9tendue, int\u00e9grer de mani\u00e8re optimale les diff\u00e9rents outils et les adapter \u00e0 nos conditions g\u00e9n\u00e9rales.<div class=\"quote-mark-close\"><span>\u00bb<\/span><\/div><\/h2>\n                                            \n                                            <div class=\"testimonial-divider\"><\/div>\n                                        <\/div>\n                                    \n                                    <p class=\"testimonial-person mb_0 text-white testimonial-person-smaller-version\">\n                                        J\u00fcrg Sutter, Responsable du d\u00e9partement ITSM, Z\u00fcrcher Kantonalbank                                    <\/p>\n\n                                                                    <\/div>\n                            <\/div>\n                        <\/div>\n                    <\/div>\n                            <\/div>\n        <\/section>\n    \n\n\n\n\n            <section class=\"blog-slider-block with-grey-bg\" id=\"\">\n            <div class=\"title-block text-center\">\n                \n\n            <\/div>\n\n            <div class=\"blog-cards blog-slider\">\n                <div class=\"blog-card\">\n    <a href=\"https:\/\/itconcepts.ch\/fr\/workato-la-plateforme-agentic-ai-pour-les-entreprises\/\" class=\"blog-card-inner-container grey-bg\">\n        <div class=\"top-wrapper\">\n            <div class=\"blog-image-block\" style=\"background-image: url('https:\/\/itconcepts.ch\/wp-content\/uploads\/2026\/01\/iStock-2209981183-800x533.png')\">\n                <img decoding=\"async\" src=\"https:\/\/itconcepts.ch\/wp-content\/themes\/it_concepts\/assets\/images\/post_placeholder.png\" alt=\"Placeholder\" \/>\n            <\/div>\n\n            <div class=\"top-content-wrapper\">\n                <h2 class=\"like-h1 mb_0\">Workato \u2013 La plateforme Agentic AI pour les entreprises<\/h2>\n\n                            <\/div>\n        <\/div>\n\n        <div class=\"link-wrapper\">\n            <div class=\"fake-primary-button-bg\">En savoir plus<\/div>\n        <\/div>\n    <\/a>\n<\/div>\n<div class=\"blog-card\">\n    <a href=\"https:\/\/itconcepts.ch\/fr\/stopper-efficacement-les-cyberattaques-grace-a-une-cybersecurite-defensive\/\" class=\"blog-card-inner-container grey-bg\">\n        <div class=\"top-wrapper\">\n            <div class=\"blog-image-block\" style=\"background-image: url('https:\/\/itconcepts.ch\/wp-content\/uploads\/2025\/12\/iStock-2043763507-800x400.jpg')\">\n                <img decoding=\"async\" src=\"https:\/\/itconcepts.ch\/wp-content\/themes\/it_concepts\/assets\/images\/post_placeholder.png\" alt=\"Placeholder\" \/>\n            <\/div>\n\n            <div class=\"top-content-wrapper\">\n                <h2 class=\"like-h1 mb_0\">Stopper efficacement les cyberattaques \u2013 gr\u00e2ce \u00e0 une cybers\u00e9curit\u00e9 d\u00e9fensive<\/h2>\n\n                                    <div class=\"blog-slide-title-divider\"><\/div>\n                    <p class=\"mb_0 text-black\">Halcyon apporte une cyber-r\u00e9silience moderne en Suisse \u2013 avec ITConcepts comme partenaire pour une protection efficace contre l\u2019extorsion num\u00e9rique.<\/p>\n                            <\/div>\n        <\/div>\n\n        <div class=\"link-wrapper\">\n            <div class=\"fake-primary-button-bg\">En savoir plus<\/div>\n        <\/div>\n    <\/a>\n<\/div>\n<div class=\"blog-card\">\n    <a href=\"https:\/\/itconcepts.ch\/fr\/magic-quadrant-de-gartner-pour-ipaas\/\" class=\"blog-card-inner-container grey-bg\">\n        <div class=\"top-wrapper\">\n            <div class=\"blog-image-block\" style=\"background-image: url('https:\/\/itconcepts.ch\/wp-content\/uploads\/2025\/08\/iStock-1471444483-800x450.jpg')\">\n                <img decoding=\"async\" src=\"https:\/\/itconcepts.ch\/wp-content\/themes\/it_concepts\/assets\/images\/post_placeholder.png\" alt=\"Placeholder\" \/>\n            <\/div>\n\n            <div class=\"top-content-wrapper\">\n                <h2 class=\"like-h1 mb_0\">Magic Quadrant\u2122 de Gartner\u00ae pour iPaaS<\/h2>\n\n                            <\/div>\n        <\/div>\n\n        <div class=\"link-wrapper\">\n            <div class=\"fake-primary-button-bg\">En savoir plus<\/div>\n        <\/div>\n    <\/a>\n<\/div>\n<div class=\"blog-card\">\n    <a href=\"https:\/\/itconcepts.ch\/fr\/siam-itsm-und-itil-kurz-erklaert\/\" class=\"blog-card-inner-container grey-bg\">\n        <div class=\"top-wrapper\">\n            <div class=\"blog-image-block\" style=\"background-image: url('https:\/\/itconcepts.ch\/wp-content\/uploads\/2025\/02\/was-ist-der-unterschied-zwischen-itsm-und-siam-700x367.5-c-default.png')\">\n                <img decoding=\"async\" src=\"https:\/\/itconcepts.ch\/wp-content\/themes\/it_concepts\/assets\/images\/post_placeholder.png\" alt=\"Placeholder\" \/>\n            <\/div>\n\n            <div class=\"top-content-wrapper\">\n                <h2 class=\"like-h1 mb_0\">SIAM, ITSM et ITIL : en bref<\/h2>\n\n                                    <div class=\"blog-slide-title-divider\"><\/div>\n                    <p class=\"mb_0 text-black\">Die IT-Welt steckt voller Abk\u00fcrzungen \u2013 doch was bedeuten SIAM, ITSM und ITIL wirklich? In diesem Beitrag erf\u00e4hrst du kompakt und verst\u00e4ndlich, wie diese Konzepte zusammenh\u00e4ngen und welche Rolle sie im IT-Service-Management spielen.<\/p>\n                            <\/div>\n        <\/div>\n\n        <div class=\"link-wrapper\">\n            <div class=\"fake-primary-button-bg\">En savoir plus<\/div>\n        <\/div>\n    <\/a>\n<\/div>\n<div class=\"blog-card\">\n    <a href=\"https:\/\/itconcepts.ch\/fr\/bmc-als-leader-im-gartner-magic-quadrant-2024\/\" class=\"blog-card-inner-container grey-bg\">\n        <div class=\"top-wrapper\">\n            <div class=\"blog-image-block\" style=\"background-image: url('https:\/\/itconcepts.ch\/wp-content\/uploads\/2025\/02\/gartner-quadrant-post-1-700x491.29213483146-c-default.png')\">\n                <img decoding=\"async\" src=\"https:\/\/itconcepts.ch\/wp-content\/themes\/it_concepts\/assets\/images\/post_placeholder.png\" alt=\"Placeholder\" \/>\n            <\/div>\n\n            <div class=\"top-content-wrapper\">\n                <h2 class=\"like-h1 mb_0\">BMC en t\u00eate du Gartner\u00ae Magic Quadrant\u2122 2024<\/h2>\n\n                                    <div class=\"blog-slide-title-divider\"><\/div>\n                    <p class=\"mb_0 text-black\">BMC pose \u00e0 nouveau des jalons dans la gestion des services informatiques ! Dans le dernier Gartner\u00ae Magic Quadrant\u2122 2024, l&rsquo;entreprise a \u00e9t\u00e9 d\u00e9sign\u00e9e comme leader. D\u00e9couvrez les innovations et les atouts qui ont propuls\u00e9 BMC \u00e0 la t\u00eate du secteur.<\/p>\n                            <\/div>\n        <\/div>\n\n        <div class=\"link-wrapper\">\n            <div class=\"fake-primary-button-bg\">En savoir plus<\/div>\n        <\/div>\n    <\/a>\n<\/div>\n<div class=\"blog-card\">\n    <a href=\"https:\/\/itconcepts.ch\/fr\/wie-control-m-dominos-dabei-unterstuetzt-datengestuetzte-erkenntnisse-zu-liefern\/\" class=\"blog-card-inner-container grey-bg\">\n        <div class=\"top-wrapper\">\n            <div class=\"blog-image-block\" style=\"background-image: url('https:\/\/itconcepts.ch\/wp-content\/uploads\/2025\/02\/header-success-story-700x419.88333333333-c-default.png')\">\n                <img decoding=\"async\" src=\"https:\/\/itconcepts.ch\/wp-content\/themes\/it_concepts\/assets\/images\/post_placeholder.png\" alt=\"Placeholder\" \/>\n            <\/div>\n\n            <div class=\"top-content-wrapper\">\n                <h2 class=\"like-h1 mb_0\">Comment Control-M aide Domino&rsquo;s \u00e0 fournir des informations bas\u00e9es sur les donn\u00e9es<\/h2>\n\n                                    <div class=\"blog-slide-title-divider\"><\/div>\n                    <p class=\"mb_0 text-black\">Un traitement efficace des donn\u00e9es est la cl\u00e9 de l&rsquo;am\u00e9lioration des d\u00e9cisions commerciales &#8211; chez Domino&rsquo;s aussi. D\u00e9couvrez comment Control-M aide l&rsquo;entreprise \u00e0 orchestrer les donn\u00e9es de mani\u00e8re transparente, \u00e0 automatiser les processus et \u00e0 obtenir de pr\u00e9cieuses informations en temps r\u00e9el. <\/p>\n                            <\/div>\n        <\/div>\n\n        <div class=\"link-wrapper\">\n            <div class=\"fake-primary-button-bg\">En savoir plus<\/div>\n        <\/div>\n    <\/a>\n<\/div>\n            <\/div>\n\n                    <\/section>\n    \n\n","protected":false},"excerpt":{"rendered":"","protected":false},"author":11,"featured_media":5099,"parent":0,"menu_order":0,"comment_status":"closed","ping_status":"closed","template":"","meta":{"_acf_changed":false,"inline_featured_image":false,"footnotes":""},"class_list":["post-5307","page","type-page","status-publish","has-post-thumbnail","hentry"],"acf":[],"yoast_head":"<!-- This site is optimized with the Yoast SEO Premium plugin v27.0 (Yoast SEO v27.0) - https:\/\/yoast.com\/product\/yoast-seo-premium-wordpress\/ -->\n<title>BMC Software - IT Concepts<\/title>\n<meta name=\"description\" content=\"ITConcepts est le partenaire officiel de BMC en Suisse. Nous mettons en \u0153uvre Control-M pour l&#039;automatisation des charges de travail - conseil, mise en \u0153uvre et support d&#039;une seule source.\" \/>\n<meta name=\"robots\" content=\"index, follow, max-snippet:-1, max-image-preview:large, max-video-preview:-1\" \/>\n<link rel=\"canonical\" href=\"https:\/\/itconcepts.ch\/fr\/bmc-software\/\" \/>\n<meta property=\"og:locale\" content=\"fr_FR\" \/>\n<meta property=\"og:type\" content=\"article\" \/>\n<meta property=\"og:title\" content=\"BMC Software\" \/>\n<meta property=\"og:description\" content=\"ITConcepts est le partenaire officiel de BMC en Suisse. Nous mettons en \u0153uvre Control-M pour l&#039;automatisation des charges de travail - conseil, mise en \u0153uvre et support d&#039;une seule source.\" \/>\n<meta property=\"og:url\" content=\"https:\/\/itconcepts.ch\/fr\/bmc-software\/\" \/>\n<meta property=\"og:site_name\" content=\"IT Concepts\" \/>\n<meta property=\"article:modified_time\" content=\"2026-04-07T11:44:34+00:00\" \/>\n<meta property=\"og:image\" content=\"https:\/\/itconcepts.ch\/wp-content\/uploads\/2026\/01\/BMC_Software.png\" \/>\n\t<meta property=\"og:image:width\" content=\"1920\" \/>\n\t<meta property=\"og:image:height\" content=\"1083\" \/>\n\t<meta property=\"og:image:type\" content=\"image\/png\" \/>\n<meta name=\"twitter:card\" content=\"summary_large_image\" \/>\n<meta name=\"twitter:label1\" content=\"Est. reading time\" \/>\n\t<meta name=\"twitter:data1\" content=\"1 minute\" \/>\n<script type=\"application\/ld+json\" class=\"yoast-schema-graph\">{\"@context\":\"https:\/\/schema.org\",\"@graph\":[{\"@type\":\"WebPage\",\"@id\":\"https:\/\/itconcepts.ch\/fr\/bmc-software\/\",\"url\":\"https:\/\/itconcepts.ch\/fr\/bmc-software\/\",\"name\":\"BMC Software - IT Concepts\",\"isPartOf\":{\"@id\":\"https:\/\/itconcepts.ch\/#website\"},\"primaryImageOfPage\":{\"@id\":\"https:\/\/itconcepts.ch\/fr\/bmc-software\/#primaryimage\"},\"image\":{\"@id\":\"https:\/\/itconcepts.ch\/fr\/bmc-software\/#primaryimage\"},\"thumbnailUrl\":\"https:\/\/itconcepts.ch\/wp-content\/uploads\/2026\/01\/BMC_Software.png\",\"datePublished\":\"2026-01-22T08:46:33+00:00\",\"dateModified\":\"2026-04-07T11:44:34+00:00\",\"description\":\"ITConcepts est le partenaire officiel de BMC en Suisse. Nous mettons en \u0153uvre Control-M pour l'automatisation des charges de travail - conseil, mise en \u0153uvre et support d'une seule source.\",\"breadcrumb\":{\"@id\":\"https:\/\/itconcepts.ch\/fr\/bmc-software\/#breadcrumb\"},\"inLanguage\":\"fr-FR\",\"potentialAction\":[{\"@type\":\"ReadAction\",\"target\":[\"https:\/\/itconcepts.ch\/fr\/bmc-software\/\"]}]},{\"@type\":\"ImageObject\",\"inLanguage\":\"fr-FR\",\"@id\":\"https:\/\/itconcepts.ch\/fr\/bmc-software\/#primaryimage\",\"url\":\"https:\/\/itconcepts.ch\/wp-content\/uploads\/2026\/01\/BMC_Software.png\",\"contentUrl\":\"https:\/\/itconcepts.ch\/wp-content\/uploads\/2026\/01\/BMC_Software.png\",\"width\":1920,\"height\":1083,\"caption\":\"BMC_Software\"},{\"@type\":\"BreadcrumbList\",\"@id\":\"https:\/\/itconcepts.ch\/fr\/bmc-software\/#breadcrumb\",\"itemListElement\":[{\"@type\":\"ListItem\",\"position\":1,\"name\":\"Home\",\"item\":\"https:\/\/itconcepts.ch\/fr\/\"},{\"@type\":\"ListItem\",\"position\":2,\"name\":\"BMC Software\"}]},{\"@type\":\"WebSite\",\"@id\":\"https:\/\/itconcepts.ch\/#website\",\"url\":\"https:\/\/itconcepts.ch\/\",\"name\":\"IT Concepts\",\"description\":\"\",\"potentialAction\":[{\"@type\":\"SearchAction\",\"target\":{\"@type\":\"EntryPoint\",\"urlTemplate\":\"https:\/\/itconcepts.ch\/?s={search_term_string}\"},\"query-input\":{\"@type\":\"PropertyValueSpecification\",\"valueRequired\":true,\"valueName\":\"search_term_string\"}}],\"inLanguage\":\"fr-FR\"},{\"@type\":\"ImageObject\",\"inLanguage\":\"fr-FR\",\"@id\":\"https:\/\/itconcepts.ch\/fr\/bmc-software\/#local-main-organization-logo\",\"url\":\"\",\"contentUrl\":\"\",\"caption\":\"IT Concepts\"}]}<\/script>\n<!-- \/ Yoast SEO Premium plugin. -->","yoast_head_json":{"title":"BMC Software - IT Concepts","description":"ITConcepts est le partenaire officiel de BMC en Suisse. Nous mettons en \u0153uvre Control-M pour l'automatisation des charges de travail - conseil, mise en \u0153uvre et support d'une seule source.","robots":{"index":"index","follow":"follow","max-snippet":"max-snippet:-1","max-image-preview":"max-image-preview:large","max-video-preview":"max-video-preview:-1"},"canonical":"https:\/\/itconcepts.ch\/fr\/bmc-software\/","og_locale":"fr_FR","og_type":"article","og_title":"BMC Software","og_description":"ITConcepts est le partenaire officiel de BMC en Suisse. Nous mettons en \u0153uvre Control-M pour l'automatisation des charges de travail - conseil, mise en \u0153uvre et support d'une seule source.","og_url":"https:\/\/itconcepts.ch\/fr\/bmc-software\/","og_site_name":"IT Concepts","article_modified_time":"2026-04-07T11:44:34+00:00","og_image":[{"width":1920,"height":1083,"url":"https:\/\/itconcepts.ch\/wp-content\/uploads\/2026\/01\/BMC_Software.png","type":"image\/png"}],"twitter_card":"summary_large_image","twitter_misc":{"Est. reading time":"1 minute"},"schema":{"@context":"https:\/\/schema.org","@graph":[{"@type":"WebPage","@id":"https:\/\/itconcepts.ch\/fr\/bmc-software\/","url":"https:\/\/itconcepts.ch\/fr\/bmc-software\/","name":"BMC Software - IT Concepts","isPartOf":{"@id":"https:\/\/itconcepts.ch\/#website"},"primaryImageOfPage":{"@id":"https:\/\/itconcepts.ch\/fr\/bmc-software\/#primaryimage"},"image":{"@id":"https:\/\/itconcepts.ch\/fr\/bmc-software\/#primaryimage"},"thumbnailUrl":"https:\/\/itconcepts.ch\/wp-content\/uploads\/2026\/01\/BMC_Software.png","datePublished":"2026-01-22T08:46:33+00:00","dateModified":"2026-04-07T11:44:34+00:00","description":"ITConcepts est le partenaire officiel de BMC en Suisse. Nous mettons en \u0153uvre Control-M pour l'automatisation des charges de travail - conseil, mise en \u0153uvre et support d'une seule source.","breadcrumb":{"@id":"https:\/\/itconcepts.ch\/fr\/bmc-software\/#breadcrumb"},"inLanguage":"fr-FR","potentialAction":[{"@type":"ReadAction","target":["https:\/\/itconcepts.ch\/fr\/bmc-software\/"]}]},{"@type":"ImageObject","inLanguage":"fr-FR","@id":"https:\/\/itconcepts.ch\/fr\/bmc-software\/#primaryimage","url":"https:\/\/itconcepts.ch\/wp-content\/uploads\/2026\/01\/BMC_Software.png","contentUrl":"https:\/\/itconcepts.ch\/wp-content\/uploads\/2026\/01\/BMC_Software.png","width":1920,"height":1083,"caption":"BMC_Software"},{"@type":"BreadcrumbList","@id":"https:\/\/itconcepts.ch\/fr\/bmc-software\/#breadcrumb","itemListElement":[{"@type":"ListItem","position":1,"name":"Home","item":"https:\/\/itconcepts.ch\/fr\/"},{"@type":"ListItem","position":2,"name":"BMC Software"}]},{"@type":"WebSite","@id":"https:\/\/itconcepts.ch\/#website","url":"https:\/\/itconcepts.ch\/","name":"IT Concepts","description":"","potentialAction":[{"@type":"SearchAction","target":{"@type":"EntryPoint","urlTemplate":"https:\/\/itconcepts.ch\/?s={search_term_string}"},"query-input":{"@type":"PropertyValueSpecification","valueRequired":true,"valueName":"search_term_string"}}],"inLanguage":"fr-FR"},{"@type":"ImageObject","inLanguage":"fr-FR","@id":"https:\/\/itconcepts.ch\/fr\/bmc-software\/#local-main-organization-logo","url":"","contentUrl":"","caption":"IT Concepts"}]}},"_links":{"self":[{"href":"https:\/\/itconcepts.ch\/fr\/wp-json\/wp\/v2\/pages\/5307","targetHints":{"allow":["GET"]}}],"collection":[{"href":"https:\/\/itconcepts.ch\/fr\/wp-json\/wp\/v2\/pages"}],"about":[{"href":"https:\/\/itconcepts.ch\/fr\/wp-json\/wp\/v2\/types\/page"}],"author":[{"embeddable":true,"href":"https:\/\/itconcepts.ch\/fr\/wp-json\/wp\/v2\/users\/11"}],"replies":[{"embeddable":true,"href":"https:\/\/itconcepts.ch\/fr\/wp-json\/wp\/v2\/comments?post=5307"}],"version-history":[{"count":7,"href":"https:\/\/itconcepts.ch\/fr\/wp-json\/wp\/v2\/pages\/5307\/revisions"}],"predecessor-version":[{"id":5800,"href":"https:\/\/itconcepts.ch\/fr\/wp-json\/wp\/v2\/pages\/5307\/revisions\/5800"}],"wp:featuredmedia":[{"embeddable":true,"href":"https:\/\/itconcepts.ch\/fr\/wp-json\/wp\/v2\/media\/5099"}],"wp:attachment":[{"href":"https:\/\/itconcepts.ch\/fr\/wp-json\/wp\/v2\/media?parent=5307"}],"curies":[{"name":"wp","href":"https:\/\/api.w.org\/{rel}","templated":true}]}}